{"id":39,"date":"2017-03-13T16:50:32","date_gmt":"2017-03-13T15:50:32","guid":{"rendered":"http:\/\/aw-delta.com\/de\/?page_id=39"},"modified":"2026-01-20T09:53:58","modified_gmt":"2026-01-20T08:53:58","slug":"zuend-und-einspritzsysteme","status":"publish","type":"page","link":"https:\/\/aw-delta.com\/de\/produkte\/zuend-und-einspritzsysteme\/","title":{"rendered":"Z\u00fcnd- und Einspritzsysteme"},"content":{"rendered":"<p>AW Delta besitzt seit \u00fcber 35 Jahren Erfahrung im Bereich frei programmierbarer Z\u00fcnd und Einspritzsysteme der Hersteller ECUMASTER u.a.<\/p>\n","protected":false},"excerpt":{"rendered":"<p>AW Delta besitzt seit \u00fcber 35 Jahren Erfahrung im Bereich frei programmierbarer Z\u00fcnd und Einspritzsysteme der Hersteller ECUMASTER u.a.<\/p>\n","protected":false},"author":1,"featured_media":0,"parent":27,"menu_order":0,"comment_status":"closed","ping_status":"closed","template":"","meta":{"footnotes":""},"class_list":["post-39","page","type-page","status-publish","hentry"],"yoast_head":"<!-- This site is optimized with the Yoast SEO plugin v27.4 - https:\/\/yoast.com\/product\/yoast-seo-wordpress\/ -->\n<title>Z\u00fcnd- und Einspritzsysteme - AW-Delta<\/title>\n<meta name=\"description\" content=\"AW-Delta ist Ihr Spezial-Betrieb mit mehr als 25 Jahren Erfahrung f\u00fcr Z\u00fcnd- und Einspritzsysteme aller Fabrikate von Alfa Romeo bis Volkswagen in B\u00fcnde.\" \/>\n<meta name=\"robots\" content=\"index, follow, max-snippet:-1, max-image-preview:large, max-video-preview:-1\" \/>\n<link rel=\"canonical\" href=\"https:\/\/aw-delta.com\/de\/produkte\/zuend-und-einspritzsysteme\/\" \/>\n<meta property=\"og:locale\" content=\"de_DE\" \/>\n<meta property=\"og:type\" content=\"article\" \/>\n<meta property=\"og:title\" content=\"Z\u00fcnd- und Einspritzsysteme - AW-Delta\" \/>\n<meta property=\"og:description\" content=\"AW-Delta ist Ihr Spezial-Betrieb mit mehr als 25 Jahren Erfahrung f\u00fcr Z\u00fcnd- und Einspritzsysteme aller Fabrikate von Alfa Romeo bis Volkswagen in B\u00fcnde.\" \/>\n<meta property=\"og:url\" content=\"https:\/\/aw-delta.com\/de\/produkte\/zuend-und-einspritzsysteme\/\" \/>\n<meta property=\"og:site_name\" content=\"AW-Delta\" \/>\n<meta property=\"article:modified_time\" content=\"2026-01-20T08:53:58+00:00\" \/>\n<meta name=\"twitter:card\" content=\"summary_large_image\" \/>\n<meta name=\"twitter:label1\" content=\"Gesch\u00e4tzte Lesezeit\" \/>\n\t<meta name=\"twitter:data1\" content=\"1\u00a0Minute\" \/>\n<script type=\"application\/ld+json\" class=\"yoast-schema-graph\">{\"@context\":\"https:\\\/\\\/schema.org\",\"@graph\":[{\"@type\":\"WebPage\",\"@id\":\"https:\\\/\\\/aw-delta.com\\\/de\\\/produkte\\\/zuend-und-einspritzsysteme\\\/\",\"url\":\"https:\\\/\\\/aw-delta.com\\\/de\\\/produkte\\\/zuend-und-einspritzsysteme\\\/\",\"name\":\"Z\u00fcnd- und Einspritzsysteme - AW-Delta\",\"isPartOf\":{\"@id\":\"https:\\\/\\\/aw-delta.com\\\/de\\\/#website\"},\"datePublished\":\"2017-03-13T15:50:32+00:00\",\"dateModified\":\"2026-01-20T08:53:58+00:00\",\"description\":\"AW-Delta ist Ihr Spezial-Betrieb mit mehr als 25 Jahren Erfahrung f\u00fcr Z\u00fcnd- und Einspritzsysteme aller Fabrikate von Alfa Romeo bis Volkswagen in B\u00fcnde.\",\"breadcrumb\":{\"@id\":\"https:\\\/\\\/aw-delta.com\\\/de\\\/produkte\\\/zuend-und-einspritzsysteme\\\/#breadcrumb\"},\"inLanguage\":\"de\",\"potentialAction\":[{\"@type\":\"ReadAction\",\"target\":[\"https:\\\/\\\/aw-delta.com\\\/de\\\/produkte\\\/zuend-und-einspritzsysteme\\\/\"]}]},{\"@type\":\"BreadcrumbList\",\"@id\":\"https:\\\/\\\/aw-delta.com\\\/de\\\/produkte\\\/zuend-und-einspritzsysteme\\\/#breadcrumb\",\"itemListElement\":[{\"@type\":\"ListItem\",\"position\":1,\"name\":\"Startseite\",\"item\":\"https:\\\/\\\/aw-delta.com\\\/de\\\/\"},{\"@type\":\"ListItem\",\"position\":2,\"name\":\"Produkte\",\"item\":\"https:\\\/\\\/aw-delta.com\\\/de\\\/produkte\\\/\"},{\"@type\":\"ListItem\",\"position\":3,\"name\":\"Z\u00fcnd- und Einspritzsysteme\"}]},{\"@type\":\"WebSite\",\"@id\":\"https:\\\/\\\/aw-delta.com\\\/de\\\/#website\",\"url\":\"https:\\\/\\\/aw-delta.com\\\/de\\\/\",\"name\":\"AW-Delta\",\"description\":\"Autoersatzteile und Motorentuning von Alfa Romeo bis VW\",\"potentialAction\":[{\"@type\":\"SearchAction\",\"target\":{\"@type\":\"EntryPoint\",\"urlTemplate\":\"https:\\\/\\\/aw-delta.com\\\/de\\\/?s={search_term_string}\"},\"query-input\":{\"@type\":\"PropertyValueSpecification\",\"valueRequired\":true,\"valueName\":\"search_term_string\"}}],\"inLanguage\":\"de\"}]}<\/script>\n<!-- \/ Yoast SEO plugin. -->","yoast_head_json":{"title":"Z\u00fcnd- und Einspritzsysteme - AW-Delta","description":"AW-Delta ist Ihr Spezial-Betrieb mit mehr als 25 Jahren Erfahrung f\u00fcr Z\u00fcnd- und Einspritzsysteme aller Fabrikate von Alfa Romeo bis Volkswagen in B\u00fcnde.","robots":{"index":"index","follow":"follow","max-snippet":"max-snippet:-1","max-image-preview":"max-image-preview:large","max-video-preview":"max-video-preview:-1"},"canonical":"https:\/\/aw-delta.com\/de\/produkte\/zuend-und-einspritzsysteme\/","og_locale":"de_DE","og_type":"article","og_title":"Z\u00fcnd- und Einspritzsysteme - AW-Delta","og_description":"AW-Delta ist Ihr Spezial-Betrieb mit mehr als 25 Jahren Erfahrung f\u00fcr Z\u00fcnd- und Einspritzsysteme aller Fabrikate von Alfa Romeo bis Volkswagen in B\u00fcnde.","og_url":"https:\/\/aw-delta.com\/de\/produkte\/zuend-und-einspritzsysteme\/","og_site_name":"AW-Delta","article_modified_time":"2026-01-20T08:53:58+00:00","twitter_card":"summary_large_image","twitter_misc":{"Gesch\u00e4tzte Lesezeit":"1\u00a0Minute"},"schema":{"@context":"https:\/\/schema.org","@graph":[{"@type":"WebPage","@id":"https:\/\/aw-delta.com\/de\/produkte\/zuend-und-einspritzsysteme\/","url":"https:\/\/aw-delta.com\/de\/produkte\/zuend-und-einspritzsysteme\/","name":"Z\u00fcnd- und Einspritzsysteme - AW-Delta","isPartOf":{"@id":"https:\/\/aw-delta.com\/de\/#website"},"datePublished":"2017-03-13T15:50:32+00:00","dateModified":"2026-01-20T08:53:58+00:00","description":"AW-Delta ist Ihr Spezial-Betrieb mit mehr als 25 Jahren Erfahrung f\u00fcr Z\u00fcnd- und Einspritzsysteme aller Fabrikate von Alfa Romeo bis Volkswagen in B\u00fcnde.","breadcrumb":{"@id":"https:\/\/aw-delta.com\/de\/produkte\/zuend-und-einspritzsysteme\/#breadcrumb"},"inLanguage":"de","potentialAction":[{"@type":"ReadAction","target":["https:\/\/aw-delta.com\/de\/produkte\/zuend-und-einspritzsysteme\/"]}]},{"@type":"BreadcrumbList","@id":"https:\/\/aw-delta.com\/de\/produkte\/zuend-und-einspritzsysteme\/#breadcrumb","itemListElement":[{"@type":"ListItem","position":1,"name":"Startseite","item":"https:\/\/aw-delta.com\/de\/"},{"@type":"ListItem","position":2,"name":"Produkte","item":"https:\/\/aw-delta.com\/de\/produkte\/"},{"@type":"ListItem","position":3,"name":"Z\u00fcnd- und Einspritzsysteme"}]},{"@type":"WebSite","@id":"https:\/\/aw-delta.com\/de\/#website","url":"https:\/\/aw-delta.com\/de\/","name":"AW-Delta","description":"Autoersatzteile und Motorentuning von Alfa Romeo bis VW","potentialAction":[{"@type":"SearchAction","target":{"@type":"EntryPoint","urlTemplate":"https:\/\/aw-delta.com\/de\/?s={search_term_string}"},"query-input":{"@type":"PropertyValueSpecification","valueRequired":true,"valueName":"search_term_string"}}],"inLanguage":"de"}]}},"_links":{"self":[{"href":"https:\/\/aw-delta.com\/de\/wp-json\/wp\/v2\/pages\/39","targetHints":{"allow":["GET"]}}],"collection":[{"href":"https:\/\/aw-delta.com\/de\/wp-json\/wp\/v2\/pages"}],"about":[{"href":"https:\/\/aw-delta.com\/de\/wp-json\/wp\/v2\/types\/page"}],"author":[{"embeddable":true,"href":"https:\/\/aw-delta.com\/de\/wp-json\/wp\/v2\/users\/1"}],"replies":[{"embeddable":true,"href":"https:\/\/aw-delta.com\/de\/wp-json\/wp\/v2\/comments?post=39"}],"version-history":[{"count":5,"href":"https:\/\/aw-delta.com\/de\/wp-json\/wp\/v2\/pages\/39\/revisions"}],"predecessor-version":[{"id":733,"href":"https:\/\/aw-delta.com\/de\/wp-json\/wp\/v2\/pages\/39\/revisions\/733"}],"up":[{"embeddable":true,"href":"https:\/\/aw-delta.com\/de\/wp-json\/wp\/v2\/pages\/27"}],"wp:attachment":[{"href":"https:\/\/aw-delta.com\/de\/wp-json\/wp\/v2\/media?parent=39"}],"curies":[{"name":"wp","href":"https:\/\/api.w.org\/{rel}","templated":true}]}}