{"id":37,"date":"2017-03-13T16:49:39","date_gmt":"2017-03-13T15:49:39","guid":{"rendered":"http:\/\/aw-delta.com\/de\/?page_id=37"},"modified":"2025-03-25T15:27:12","modified_gmt":"2025-03-25T14:27:12","slug":"sportauspuffanlagen","status":"publish","type":"page","link":"https:\/\/aw-delta.com\/de\/produkte\/sportauspuffanlagen\/","title":{"rendered":"Sportauspuffanlagen"},"content":{"rendered":"<p><strong>Sportauspuffanlagen und Co. in B\u00fcnde<\/strong><strong> und im Online-Shop<\/strong><\/p>\n<p>AW-Delta ist der Experte f\u00fcr Sportauspuffanlagen in B\u00fcnde. Die hochwertigen Auspuffanlagen des von uns gef\u00fchrten Herstellers RAGAZZON bieten Ihnen Leistung, Qualit\u00e4t und eine lange Lebensdauer. Wir f\u00fchren in unserem Online-Shop Sportauspuffanlagen und 4-Rohr-Anlagen \u2013 diese sind nat\u00fcrlich auch komplett in Edelstahl erh\u00e4ltlich.<\/p>\n<ul>\n<li style=\"list-style-type: none;\">\n<ul>\n<li>Alfa Romeo<\/li>\n<li>Audi<\/li>\n<li>BMW<\/li>\n<li>Chevrolet<\/li>\n<li>Citro\u00ebn<\/li>\n<li>Fiat<\/li>\n<li>Ford<\/li>\n<li>Honda<\/li>\n<li>Hyundai<\/li>\n<li>Lancia<\/li>\n<li>Mercedes<\/li>\n<li>Nissan<\/li>\n<li>Opel<\/li>\n<li>Peugeot<\/li>\n<li>Renault<\/li>\n<li>Rover<\/li>\n<li>Saab<\/li>\n<li>Seat<\/li>\n<li>Skoda<\/li>\n<li>Subaru<\/li>\n<li>Toyota<\/li>\n<li>Volvo<\/li>\n<li>VW<\/li>\n<\/ul>\n<\/li>\n<\/ul>\n<p>Produktbeispiele, welche uns von unserem Partner Ragazzon zur Verf\u00fcgung gestellt wurden<\/p>\n<ul>\n<li style=\"list-style-type: none;\">\n<ul>\n<li style=\"list-style-type: none;\">\n<ul>\n<li><a href=\"https:\/\/aw-delta.com\/de\/produkte\/sportauspuffanlagen\/bmw_m2_f87_coupe\/\">BMW M2 F87 Coupe<\/a><\/li>\n<li><a href=\"https:\/\/aw-delta.com\/de\/produkte\/sportauspuffanlagen\/alfa-romeo-junior966-2024-1-2-100kw-hybrid-2024\/\">Alfa Romeo \/ Junior(966)<\/a><\/li>\n<\/ul>\n<\/li>\n<\/ul>\n<\/li>\n<\/ul>\n<p>Videos, die uns von unserem Partner Ragazzon zur Verf\u00fcgung gestellt wurden, finden Sie <a href=\"https:\/\/aw-delta.com\/de\/produkte\/sportauspuffanlagen\/videos-von-unserem-partner-ragazzon\/\">hier<\/a><\/p>\n<p><strong>Auspuffanlagen bei Ihrer Tuning-Werkstatt in B\u00fcnde und Online<br \/>\n<\/strong><\/p>\n<p>Neben dem umfangreichen Standardprogramm, das auch 4-Rohr-Auspuffanlagen beinhaltet, beraten wir Sie auch bei Ihren ganz speziellen W\u00fcnschen.<\/p>\n<p>Nat\u00fcrlich finden Sie unsere hochwertigen Auspuffanlagen auch in unserem <a href=\"https:\/\/aw-delta.com\/shop\/\">Online-Shop<\/a> \u2013 diese verbauen wir gern ein unserer Werkstatt in B\u00fcnde, Sie k\u00f6nnen Sie aber selbstverst\u00e4ndlich einfach online bestellen.<\/p>\n<p><strong>Noch Fragen?<\/strong><\/p>\n<p>Haben Sie Fragen zu oder Interesse an unseren Sportauspuffanlagen? M\u00f6chten Sie vielleicht direkt einen Termin in unserer Kfz-Werkstatt in B\u00fcnde vereinbaren? Gerne sind wir auch pers\u00f6nlich f\u00fcr Sie da \u2013 telefonisch unter 05223 \/ 3212 oder via E-Mail.<\/p>\n","protected":false},"excerpt":{"rendered":"<p>Sportauspuffanlagen und Co. in B\u00fcnde und im Online-Shop AW-Delta ist der Experte f\u00fcr Sportauspuffanlagen in B\u00fcnde. Die hochwertigen Auspuffanlagen des von uns gef\u00fchrten Herstellers RAGAZZON bieten Ihnen Leistung, Qualit\u00e4t und eine lange Lebensdauer. Wir f\u00fchren in unserem Online-Shop Sportauspuffanlagen und 4-Rohr-Anlagen \u2013 diese sind nat\u00fcrlich auch komplett in Edelstahl erh\u00e4ltlich. Alfa Romeo Audi BMW Chevrolet &hellip; <a href=\"https:\/\/aw-delta.com\/de\/produkte\/sportauspuffanlagen\/\" class=\"more-link\"><span class=\"screen-reader-text\">\u201eSportauspuffanlagen\u201c <\/span>weiterlesen<\/a><\/p>\n","protected":false},"author":1,"featured_media":0,"parent":27,"menu_order":0,"comment_status":"closed","ping_status":"closed","template":"","meta":{"footnotes":""},"class_list":["post-37","page","type-page","status-publish","hentry"],"yoast_head":"<!-- This site is optimized with the Yoast SEO plugin v27.2 - https:\/\/yoast.com\/product\/yoast-seo-wordpress\/ -->\n<title>Sportauspuffanlagen - AW-Delta<\/title>\n<meta name=\"description\" content=\"AW-Delta ist der Experte f\u00fcr Sportauspuffanlagen in B\u00fcnde. Die hochwertigen Auspuffanlagen bieten Ihnen Leistung, Qualit\u00e4t und eine lange Lebensdauer\" \/>\n<meta name=\"robots\" content=\"index, follow, max-snippet:-1, max-image-preview:large, max-video-preview:-1\" \/>\n<link rel=\"canonical\" href=\"https:\/\/aw-delta.com\/de\/produkte\/sportauspuffanlagen\/\" \/>\n<meta property=\"og:locale\" content=\"de_DE\" \/>\n<meta property=\"og:type\" content=\"article\" \/>\n<meta property=\"og:title\" content=\"Sportauspuffanlagen - AW-Delta\" \/>\n<meta property=\"og:description\" content=\"AW-Delta ist der Experte f\u00fcr Sportauspuffanlagen in B\u00fcnde. Die hochwertigen Auspuffanlagen bieten Ihnen Leistung, Qualit\u00e4t und eine lange Lebensdauer\" \/>\n<meta property=\"og:url\" content=\"https:\/\/aw-delta.com\/de\/produkte\/sportauspuffanlagen\/\" \/>\n<meta property=\"og:site_name\" content=\"AW-Delta\" \/>\n<meta property=\"article:modified_time\" content=\"2025-03-25T14:27:12+00:00\" \/>\n<meta name=\"twitter:card\" content=\"summary_large_image\" \/>\n<meta name=\"twitter:label1\" content=\"Gesch\u00e4tzte Lesezeit\" \/>\n\t<meta name=\"twitter:data1\" content=\"2\u00a0Minuten\" \/>\n<script type=\"application\/ld+json\" class=\"yoast-schema-graph\">{\"@context\":\"https:\/\/schema.org\",\"@graph\":[{\"@type\":\"WebPage\",\"@id\":\"https:\/\/aw-delta.com\/de\/produkte\/sportauspuffanlagen\/\",\"url\":\"https:\/\/aw-delta.com\/de\/produkte\/sportauspuffanlagen\/\",\"name\":\"Sportauspuffanlagen - AW-Delta\",\"isPartOf\":{\"@id\":\"https:\/\/aw-delta.com\/de\/#website\"},\"datePublished\":\"2017-03-13T15:49:39+00:00\",\"dateModified\":\"2025-03-25T14:27:12+00:00\",\"description\":\"AW-Delta ist der Experte f\u00fcr Sportauspuffanlagen in B\u00fcnde. Die hochwertigen Auspuffanlagen bieten Ihnen Leistung, Qualit\u00e4t und eine lange Lebensdauer\",\"breadcrumb\":{\"@id\":\"https:\/\/aw-delta.com\/de\/produkte\/sportauspuffanlagen\/#breadcrumb\"},\"inLanguage\":\"de\",\"potentialAction\":[{\"@type\":\"ReadAction\",\"target\":[\"https:\/\/aw-delta.com\/de\/produkte\/sportauspuffanlagen\/\"]}]},{\"@type\":\"BreadcrumbList\",\"@id\":\"https:\/\/aw-delta.com\/de\/produkte\/sportauspuffanlagen\/#breadcrumb\",\"itemListElement\":[{\"@type\":\"ListItem\",\"position\":1,\"name\":\"Startseite\",\"item\":\"https:\/\/aw-delta.com\/de\/\"},{\"@type\":\"ListItem\",\"position\":2,\"name\":\"Produkte\",\"item\":\"https:\/\/aw-delta.com\/de\/produkte\/\"},{\"@type\":\"ListItem\",\"position\":3,\"name\":\"Sportauspuffanlagen\"}]},{\"@type\":\"WebSite\",\"@id\":\"https:\/\/aw-delta.com\/de\/#website\",\"url\":\"https:\/\/aw-delta.com\/de\/\",\"name\":\"AW-Delta\",\"description\":\"Autoersatzteile und Motorentuning von Alfa Romeo bis VW\",\"potentialAction\":[{\"@type\":\"SearchAction\",\"target\":{\"@type\":\"EntryPoint\",\"urlTemplate\":\"https:\/\/aw-delta.com\/de\/?s={search_term_string}\"},\"query-input\":{\"@type\":\"PropertyValueSpecification\",\"valueRequired\":true,\"valueName\":\"search_term_string\"}}],\"inLanguage\":\"de\"}]}<\/script>\n<!-- \/ Yoast SEO plugin. -->","yoast_head_json":{"title":"Sportauspuffanlagen - AW-Delta","description":"AW-Delta ist der Experte f\u00fcr Sportauspuffanlagen in B\u00fcnde. Die hochwertigen Auspuffanlagen bieten Ihnen Leistung, Qualit\u00e4t und eine lange Lebensdauer","robots":{"index":"index","follow":"follow","max-snippet":"max-snippet:-1","max-image-preview":"max-image-preview:large","max-video-preview":"max-video-preview:-1"},"canonical":"https:\/\/aw-delta.com\/de\/produkte\/sportauspuffanlagen\/","og_locale":"de_DE","og_type":"article","og_title":"Sportauspuffanlagen - AW-Delta","og_description":"AW-Delta ist der Experte f\u00fcr Sportauspuffanlagen in B\u00fcnde. Die hochwertigen Auspuffanlagen bieten Ihnen Leistung, Qualit\u00e4t und eine lange Lebensdauer","og_url":"https:\/\/aw-delta.com\/de\/produkte\/sportauspuffanlagen\/","og_site_name":"AW-Delta","article_modified_time":"2025-03-25T14:27:12+00:00","twitter_card":"summary_large_image","twitter_misc":{"Gesch\u00e4tzte Lesezeit":"2\u00a0Minuten"},"schema":{"@context":"https:\/\/schema.org","@graph":[{"@type":"WebPage","@id":"https:\/\/aw-delta.com\/de\/produkte\/sportauspuffanlagen\/","url":"https:\/\/aw-delta.com\/de\/produkte\/sportauspuffanlagen\/","name":"Sportauspuffanlagen - AW-Delta","isPartOf":{"@id":"https:\/\/aw-delta.com\/de\/#website"},"datePublished":"2017-03-13T15:49:39+00:00","dateModified":"2025-03-25T14:27:12+00:00","description":"AW-Delta ist der Experte f\u00fcr Sportauspuffanlagen in B\u00fcnde. Die hochwertigen Auspuffanlagen bieten Ihnen Leistung, Qualit\u00e4t und eine lange Lebensdauer","breadcrumb":{"@id":"https:\/\/aw-delta.com\/de\/produkte\/sportauspuffanlagen\/#breadcrumb"},"inLanguage":"de","potentialAction":[{"@type":"ReadAction","target":["https:\/\/aw-delta.com\/de\/produkte\/sportauspuffanlagen\/"]}]},{"@type":"BreadcrumbList","@id":"https:\/\/aw-delta.com\/de\/produkte\/sportauspuffanlagen\/#breadcrumb","itemListElement":[{"@type":"ListItem","position":1,"name":"Startseite","item":"https:\/\/aw-delta.com\/de\/"},{"@type":"ListItem","position":2,"name":"Produkte","item":"https:\/\/aw-delta.com\/de\/produkte\/"},{"@type":"ListItem","position":3,"name":"Sportauspuffanlagen"}]},{"@type":"WebSite","@id":"https:\/\/aw-delta.com\/de\/#website","url":"https:\/\/aw-delta.com\/de\/","name":"AW-Delta","description":"Autoersatzteile und Motorentuning von Alfa Romeo bis VW","potentialAction":[{"@type":"SearchAction","target":{"@type":"EntryPoint","urlTemplate":"https:\/\/aw-delta.com\/de\/?s={search_term_string}"},"query-input":{"@type":"PropertyValueSpecification","valueRequired":true,"valueName":"search_term_string"}}],"inLanguage":"de"}]}},"_links":{"self":[{"href":"https:\/\/aw-delta.com\/de\/wp-json\/wp\/v2\/pages\/37","targetHints":{"allow":["GET"]}}],"collection":[{"href":"https:\/\/aw-delta.com\/de\/wp-json\/wp\/v2\/pages"}],"about":[{"href":"https:\/\/aw-delta.com\/de\/wp-json\/wp\/v2\/types\/page"}],"author":[{"embeddable":true,"href":"https:\/\/aw-delta.com\/de\/wp-json\/wp\/v2\/users\/1"}],"replies":[{"embeddable":true,"href":"https:\/\/aw-delta.com\/de\/wp-json\/wp\/v2\/comments?post=37"}],"version-history":[{"count":8,"href":"https:\/\/aw-delta.com\/de\/wp-json\/wp\/v2\/pages\/37\/revisions"}],"predecessor-version":[{"id":717,"href":"https:\/\/aw-delta.com\/de\/wp-json\/wp\/v2\/pages\/37\/revisions\/717"}],"up":[{"embeddable":true,"href":"https:\/\/aw-delta.com\/de\/wp-json\/wp\/v2\/pages\/27"}],"wp:attachment":[{"href":"https:\/\/aw-delta.com\/de\/wp-json\/wp\/v2\/media?parent=37"}],"curies":[{"name":"wp","href":"https:\/\/api.w.org\/{rel}","templated":true}]}}