{"id":31,"date":"2017-03-13T16:47:17","date_gmt":"2017-03-13T15:47:17","guid":{"rendered":"http:\/\/aw-delta.com\/de\/?page_id=31"},"modified":"2026-01-20T09:59:29","modified_gmt":"2026-01-20T08:59:29","slug":"motortuning","status":"publish","type":"page","link":"https:\/\/aw-delta.com\/de\/produkte\/motortuning\/","title":{"rendered":"Motortuning"},"content":{"rendered":"<p>Wenn es um professionelles Motortuning geht, bietet Ihnen AW-Delta in B\u00fcnde die gew\u00fcnschten Dienstleistungen von A-Z aus einer Hand. Vom sportlichen Stra\u00dfentuning bis hin zum leistungsstarken Rennmotor bieten wir Ihnen s\u00e4mtliche Variationen.<\/p>\n<p>Zudem f\u00fchren wir bei AW-Delta in B\u00fcnde das komplette Spektrum der ben\u00f6tigten \u201eTuning-Teile\u201c.<\/p>\n<p>Auf Wunsch werden die ben\u00f6tigten Tuning-Teile sogar speziell und individuell auf die Bed\u00fcrfnisse Ihres Motors angefertigt \u2013 dies ist zum Beispiel f\u00fcr die Zylinderkopfbearbeitung m\u00f6glich.<\/p>\n<p>Auf unserem Leistungspr\u00fcfstand testen wir dann die Performance des Motors. Bei Serienmotoren k\u00f6nnen wir durch verschiedene Eingriffe die Leistung des Motors verbessern. Zudem f\u00fchren wir selbstverst\u00e4ndlich auch Chiptuning durch.<\/p>\n<p><strong>Unsere Leistungen im Bereich Motorentuning im \u00dcberblick<\/strong><\/p>\n<ul>\n<li>Optimierung auf dem Pr\u00fcfstand<\/li>\n<li>Leistungsmessung<\/li>\n<li>Programmierbare <a title=\"Wechseln zu Einspritz- und Z\u00fcndsysteme\" href=\"https:\/\/aw-delta.com\/de\/produkte\/zuend-und-einspritzsysteme\">Einspritz- und Z\u00fcndsysteme<\/a><\/li>\n<li>Motortuning f\u00fcr alle Fahrzeugtypen<\/li>\n<li>Leistungsdiagramme der unterschiedlichen Entwicklungsphasen<\/li>\n<\/ul>\n<p>Haben Sie Fragen oder w\u00fcnschen Sie detaillierte Informationen rund um die Themen Motorentuning, Chiptuning und Tuning-Teile? Dann kontaktieren Sie uns einfach. Sie erreichen uns unter 05223 \/ 3212 oder per E-Mail. Verlassen Sie sich auf \u00fcber 35 Jahre Erfahrung im Motortuning. Wir k\u00f6nnen Ihnen bestimmt weiterhelfen.<\/p>\n<p><strong>Das Lieferprogramm unserer speziellen Tuning-Teile finden Sie auch in unserem <a href=\"https:\/\/www.aw-delta.com\/shop\/\">Online-Shop<\/a>. <\/strong><\/p>\n","protected":false},"excerpt":{"rendered":"<p>Wenn es um professionelles Motortuning geht, bietet Ihnen AW-Delta in B\u00fcnde die gew\u00fcnschten Dienstleistungen von A-Z aus einer Hand. Vom sportlichen Stra\u00dfentuning bis hin zum leistungsstarken Rennmotor bieten wir Ihnen s\u00e4mtliche Variationen. Zudem f\u00fchren wir bei AW-Delta in B\u00fcnde das komplette Spektrum der ben\u00f6tigten \u201eTuning-Teile\u201c. Auf Wunsch werden die ben\u00f6tigten Tuning-Teile sogar speziell und individuell &hellip; <a href=\"https:\/\/aw-delta.com\/de\/produkte\/motortuning\/\" class=\"more-link\"><span class=\"screen-reader-text\">\u201eMotortuning\u201c <\/span>weiterlesen<\/a><\/p>\n","protected":false},"author":1,"featured_media":0,"parent":27,"menu_order":0,"comment_status":"closed","ping_status":"closed","template":"","meta":{"footnotes":""},"class_list":["post-31","page","type-page","status-publish","hentry"],"yoast_head":"<!-- This site is optimized with the Yoast SEO plugin v27.4 - https:\/\/yoast.com\/product\/yoast-seo-wordpress\/ -->\n<title>Motortuning - AW-Delta<\/title>\n<meta name=\"description\" content=\"AW-Delta ist Ihr Spezial-Betrieb f\u00fcr Autoersatzteile und Motortuning aller Fabrikate von Alfa Romeo bis Volkswagen in B\u00fcnde\" \/>\n<meta name=\"robots\" content=\"index, follow, max-snippet:-1, max-image-preview:large, max-video-preview:-1\" \/>\n<link rel=\"canonical\" href=\"https:\/\/aw-delta.com\/de\/produkte\/motortuning\/\" \/>\n<meta property=\"og:locale\" content=\"de_DE\" \/>\n<meta property=\"og:type\" content=\"article\" \/>\n<meta property=\"og:title\" content=\"Motortuning - AW-Delta\" \/>\n<meta property=\"og:description\" content=\"AW-Delta ist Ihr Spezial-Betrieb f\u00fcr Autoersatzteile und Motortuning aller Fabrikate von Alfa Romeo bis Volkswagen in B\u00fcnde\" \/>\n<meta property=\"og:url\" content=\"https:\/\/aw-delta.com\/de\/produkte\/motortuning\/\" \/>\n<meta property=\"og:site_name\" content=\"AW-Delta\" \/>\n<meta property=\"article:modified_time\" content=\"2026-01-20T08:59:29+00:00\" \/>\n<meta name=\"twitter:card\" content=\"summary_large_image\" \/>\n<meta name=\"twitter:label1\" content=\"Gesch\u00e4tzte Lesezeit\" \/>\n\t<meta name=\"twitter:data1\" content=\"1\u00a0Minute\" \/>\n<script type=\"application\/ld+json\" class=\"yoast-schema-graph\">{\"@context\":\"https:\\\/\\\/schema.org\",\"@graph\":[{\"@type\":\"WebPage\",\"@id\":\"https:\\\/\\\/aw-delta.com\\\/de\\\/produkte\\\/motortuning\\\/\",\"url\":\"https:\\\/\\\/aw-delta.com\\\/de\\\/produkte\\\/motortuning\\\/\",\"name\":\"Motortuning - AW-Delta\",\"isPartOf\":{\"@id\":\"https:\\\/\\\/aw-delta.com\\\/de\\\/#website\"},\"datePublished\":\"2017-03-13T15:47:17+00:00\",\"dateModified\":\"2026-01-20T08:59:29+00:00\",\"description\":\"AW-Delta ist Ihr Spezial-Betrieb f\u00fcr Autoersatzteile und Motortuning aller Fabrikate von Alfa Romeo bis Volkswagen in B\u00fcnde\",\"breadcrumb\":{\"@id\":\"https:\\\/\\\/aw-delta.com\\\/de\\\/produkte\\\/motortuning\\\/#breadcrumb\"},\"inLanguage\":\"de\",\"potentialAction\":[{\"@type\":\"ReadAction\",\"target\":[\"https:\\\/\\\/aw-delta.com\\\/de\\\/produkte\\\/motortuning\\\/\"]}]},{\"@type\":\"BreadcrumbList\",\"@id\":\"https:\\\/\\\/aw-delta.com\\\/de\\\/produkte\\\/motortuning\\\/#breadcrumb\",\"itemListElement\":[{\"@type\":\"ListItem\",\"position\":1,\"name\":\"Startseite\",\"item\":\"https:\\\/\\\/aw-delta.com\\\/de\\\/\"},{\"@type\":\"ListItem\",\"position\":2,\"name\":\"Produkte\",\"item\":\"https:\\\/\\\/aw-delta.com\\\/de\\\/produkte\\\/\"},{\"@type\":\"ListItem\",\"position\":3,\"name\":\"Motortuning\"}]},{\"@type\":\"WebSite\",\"@id\":\"https:\\\/\\\/aw-delta.com\\\/de\\\/#website\",\"url\":\"https:\\\/\\\/aw-delta.com\\\/de\\\/\",\"name\":\"AW-Delta\",\"description\":\"Autoersatzteile und Motorentuning von Alfa Romeo bis VW\",\"potentialAction\":[{\"@type\":\"SearchAction\",\"target\":{\"@type\":\"EntryPoint\",\"urlTemplate\":\"https:\\\/\\\/aw-delta.com\\\/de\\\/?s={search_term_string}\"},\"query-input\":{\"@type\":\"PropertyValueSpecification\",\"valueRequired\":true,\"valueName\":\"search_term_string\"}}],\"inLanguage\":\"de\"}]}<\/script>\n<!-- \/ Yoast SEO plugin. -->","yoast_head_json":{"title":"Motortuning - AW-Delta","description":"AW-Delta ist Ihr Spezial-Betrieb f\u00fcr Autoersatzteile und Motortuning aller Fabrikate von Alfa Romeo bis Volkswagen in B\u00fcnde","robots":{"index":"index","follow":"follow","max-snippet":"max-snippet:-1","max-image-preview":"max-image-preview:large","max-video-preview":"max-video-preview:-1"},"canonical":"https:\/\/aw-delta.com\/de\/produkte\/motortuning\/","og_locale":"de_DE","og_type":"article","og_title":"Motortuning - AW-Delta","og_description":"AW-Delta ist Ihr Spezial-Betrieb f\u00fcr Autoersatzteile und Motortuning aller Fabrikate von Alfa Romeo bis Volkswagen in B\u00fcnde","og_url":"https:\/\/aw-delta.com\/de\/produkte\/motortuning\/","og_site_name":"AW-Delta","article_modified_time":"2026-01-20T08:59:29+00:00","twitter_card":"summary_large_image","twitter_misc":{"Gesch\u00e4tzte Lesezeit":"1\u00a0Minute"},"schema":{"@context":"https:\/\/schema.org","@graph":[{"@type":"WebPage","@id":"https:\/\/aw-delta.com\/de\/produkte\/motortuning\/","url":"https:\/\/aw-delta.com\/de\/produkte\/motortuning\/","name":"Motortuning - AW-Delta","isPartOf":{"@id":"https:\/\/aw-delta.com\/de\/#website"},"datePublished":"2017-03-13T15:47:17+00:00","dateModified":"2026-01-20T08:59:29+00:00","description":"AW-Delta ist Ihr Spezial-Betrieb f\u00fcr Autoersatzteile und Motortuning aller Fabrikate von Alfa Romeo bis Volkswagen in B\u00fcnde","breadcrumb":{"@id":"https:\/\/aw-delta.com\/de\/produkte\/motortuning\/#breadcrumb"},"inLanguage":"de","potentialAction":[{"@type":"ReadAction","target":["https:\/\/aw-delta.com\/de\/produkte\/motortuning\/"]}]},{"@type":"BreadcrumbList","@id":"https:\/\/aw-delta.com\/de\/produkte\/motortuning\/#breadcrumb","itemListElement":[{"@type":"ListItem","position":1,"name":"Startseite","item":"https:\/\/aw-delta.com\/de\/"},{"@type":"ListItem","position":2,"name":"Produkte","item":"https:\/\/aw-delta.com\/de\/produkte\/"},{"@type":"ListItem","position":3,"name":"Motortuning"}]},{"@type":"WebSite","@id":"https:\/\/aw-delta.com\/de\/#website","url":"https:\/\/aw-delta.com\/de\/","name":"AW-Delta","description":"Autoersatzteile und Motorentuning von Alfa Romeo bis VW","potentialAction":[{"@type":"SearchAction","target":{"@type":"EntryPoint","urlTemplate":"https:\/\/aw-delta.com\/de\/?s={search_term_string}"},"query-input":{"@type":"PropertyValueSpecification","valueRequired":true,"valueName":"search_term_string"}}],"inLanguage":"de"}]}},"_links":{"self":[{"href":"https:\/\/aw-delta.com\/de\/wp-json\/wp\/v2\/pages\/31","targetHints":{"allow":["GET"]}}],"collection":[{"href":"https:\/\/aw-delta.com\/de\/wp-json\/wp\/v2\/pages"}],"about":[{"href":"https:\/\/aw-delta.com\/de\/wp-json\/wp\/v2\/types\/page"}],"author":[{"embeddable":true,"href":"https:\/\/aw-delta.com\/de\/wp-json\/wp\/v2\/users\/1"}],"replies":[{"embeddable":true,"href":"https:\/\/aw-delta.com\/de\/wp-json\/wp\/v2\/comments?post=31"}],"version-history":[{"count":5,"href":"https:\/\/aw-delta.com\/de\/wp-json\/wp\/v2\/pages\/31\/revisions"}],"predecessor-version":[{"id":735,"href":"https:\/\/aw-delta.com\/de\/wp-json\/wp\/v2\/pages\/31\/revisions\/735"}],"up":[{"embeddable":true,"href":"https:\/\/aw-delta.com\/de\/wp-json\/wp\/v2\/pages\/27"}],"wp:attachment":[{"href":"https:\/\/aw-delta.com\/de\/wp-json\/wp\/v2\/media?parent=31"}],"curies":[{"name":"wp","href":"https:\/\/api.w.org\/{rel}","templated":true}]}}