{"id":27,"date":"2017-03-13T16:44:12","date_gmt":"2017-03-13T15:44:12","guid":{"rendered":"http:\/\/aw-delta.com\/de\/?page_id=27"},"modified":"2019-12-23T13:24:29","modified_gmt":"2019-12-23T12:24:29","slug":"produkte","status":"publish","type":"page","link":"https:\/\/aw-delta.com\/de\/produkte\/","title":{"rendered":"Produkte"},"content":{"rendered":"<h1>AW-Delta: Ihr Fachhandel f\u00fcr Produkte aus den Bereichen Motortuning, Ersatz- und Verschlei\u00dfteile<\/h1>\n<p>AW-Delta aus B\u00fcnde ist Ihr Spezialist rund um Autoersatzteile und Motortuning. Sowohl in unserer Werkstatt in B\u00fcnde als auch in unserem Online-Shop bieten wir Ihnen ein umfangreiches Produktsortiment an.<\/p>\n<p><strong>Vom Autoersatzteil zum Motortuning \u2013 unser Sortiment umfasst:<\/strong><\/p>\n<table id=\"tablepress-1\">\n<tbody>\n<tr class=\"row-1 odd\">\n<td class=\"column-1\"><a href=\"https:\/\/aw-delta.com\/de\/produkte\/motortuning\"><img loading=\"lazy\" decoding=\"async\" class=\"alignnone size-full wp-image-165\" src=\"https:\/\/aw-delta.com\/content\/wp-content\/uploads\/2016\/07\/motortuning.jpg\" alt=\"motortuning\" width=\"256\" height=\"171\"><\/a><\/td>\n<td class=\"column-2\" style=\"vertical-align: middle;\">\n<h2><a href=\"https:\/\/aw-delta.com\/de\/produkte\/motortuning\">Motortuning<\/a><\/h2>\n<\/td>\n<\/tr>\n<tr class=\"row-2 even\">\n<td class=\"column-1\"><a href=\"https:\/\/aw-delta.com\/de\/produkte\/ersatz-und-verschleissteile\"><img loading=\"lazy\" decoding=\"async\" class=\"alignnone size-full wp-image-164\" src=\"https:\/\/aw-delta.com\/content\/wp-content\/uploads\/2016\/07\/ersatzteile.jpg\" alt=\"ersatzteile\" width=\"256\" height=\"171\"><\/a><\/td>\n<td class=\"column-2\" style=\"vertical-align: middle;\">\n<h2><a href=\"https:\/\/aw-delta.com\/de\/produkte\/ersatz-und-verschleissteile\">Ersatz- und Verschlei\u00dfteile<\/a><\/h2>\n<\/td>\n<\/tr>\n<tr class=\"row-3 odd\">\n<td class=\"column-1\"><a href=\"https:\/\/aw-delta.com\/de\/produkte\/sportauspuffanlagen\"><img loading=\"lazy\" decoding=\"async\" class=\"alignnone size-full wp-image-168\" src=\"https:\/\/aw-delta.com\/content\/wp-content\/uploads\/2016\/07\/sportauspuff.jpg\" alt=\"sportauspuff\" width=\"257\" height=\"171\"> <\/a><\/td>\n<td class=\"column-2\" style=\"vertical-align: middle;\">\n<h2><a href=\"https:\/\/aw-delta.com\/de\/produkte\/sportauspuffanlagen\">Sportauspuffanlagen<\/a><\/h2>\n<\/td>\n<\/tr>\n<tr class=\"row-4 even\">\n<td class=\"column-1\"><a href=\"https:\/\/aw-delta.com\/de\/produkte\/zuend-und-einspritzsysteme\"><img loading=\"lazy\" decoding=\"async\" class=\"alignnone size-full wp-image-169\" src=\"https:\/\/aw-delta.com\/content\/wp-content\/uploads\/2016\/07\/zuend-einspritzsysteme.jpg\" alt=\"zuend-einspritzsysteme\" width=\"256\" height=\"171\"><\/a><\/td>\n<td class=\"column-2\" style=\"vertical-align: middle;\">\n<h2><a href=\"https:\/\/aw-delta.com\/de\/produkte\/zuend-und-einspritzsysteme\">Z\u00fcnd- und Einspritzsysteme<\/a><\/h2>\n<\/td>\n<\/tr>\n<tr class=\"row-5 odd\">\n<td class=\"column-1\"><a href=\"https:\/\/aw-delta.com\/de\/produkte\/schmiedekolben-pleuel-titanventile\"><img loading=\"lazy\" decoding=\"async\" class=\"alignnone size-full wp-image-166\" src=\"https:\/\/aw-delta.com\/content\/wp-content\/uploads\/2016\/07\/schmiedekolben.jpg\" alt=\"schmiedekolben\" width=\"256\" height=\"171\"><\/a><\/td>\n<td class=\"column-2\" style=\"vertical-align: middle;\">\n<h2><a href=\"https:\/\/aw-delta.com\/de\/produkte\/schmiedekolben-pleuel-titanventile\">Schmiedekolben,Pleuel &amp; Titanventile<\/a><\/h2>\n<\/td>\n<\/tr>\n<tr class=\"row-6 even\">\n<td class=\"column-1\"><a href=\"https:\/\/aw-delta.com\/de\/produkte\/nockenwellen\"><img loading=\"lazy\" decoding=\"async\" class=\"alignnone size-full wp-image-169\" src=\"https:\/\/aw-delta.com\/media\/camshaft5a.jpg\" alt=\"Nockenwellen\" width=\"256\" height=\"171\"><\/a><\/td>\n<td class=\"column-2\" style=\"vertical-align: middle;\">\n<h2><a href=\"https:\/\/aw-delta.com\/de\/produkte\/nockenwellen\">Nockenwellen<\/a><\/h2>\n<\/td>\n<\/tr>\n<tr class=\"row-7 odd\">\n<td class=\"column-1\"><img loading=\"lazy\" decoding=\"async\" class=\"alignnone size-full wp-image-167\" src=\"https:\/\/aw-delta.com\/content\/wp-content\/uploads\/2016\/07\/sonstiges.jpg\" alt=\"sonstiges\" width=\"257\" height=\"171\"><\/td>\n<td class=\"column-2\" style=\"vertical-align: middle;\">\n<h2>u.a.m.<\/h2>\n<\/td>\n<\/tr>\n<\/tbody>\n<\/table>\n","protected":false},"excerpt":{"rendered":"<p>AW-Delta: Ihr Fachhandel f\u00fcr Produkte aus den Bereichen Motortuning, Ersatz- und Verschlei\u00dfteile AW-Delta aus B\u00fcnde ist Ihr Spezialist rund um Autoersatzteile und Motortuning. Sowohl in unserer Werkstatt in B\u00fcnde als auch in unserem Online-Shop bieten wir Ihnen ein umfangreiches Produktsortiment an. Vom Autoersatzteil zum Motortuning \u2013 unser Sortiment umfasst: Motortuning Ersatz- und Verschlei\u00dfteile Sportauspuffanlagen Z\u00fcnd- &hellip; <a href=\"https:\/\/aw-delta.com\/de\/produkte\/\" class=\"more-link\"><span class=\"screen-reader-text\">\u201eProdukte\u201c <\/span>weiterlesen<\/a><\/p>\n","protected":false},"author":1,"featured_media":0,"parent":0,"menu_order":0,"comment_status":"closed","ping_status":"closed","template":"","meta":{"footnotes":""},"class_list":["post-27","page","type-page","status-publish","hentry"],"yoast_head":"<!-- This site is optimized with the Yoast SEO plugin v27.3 - https:\/\/yoast.com\/product\/yoast-seo-wordpress\/ -->\n<title>Produkte - AW-Delta<\/title>\n<meta name=\"description\" content=\"AW-Delta: Ihr Fachhandel f\u00fcr Produkte aus den Bereichen Motortuning, Ersatz- und Verschlei\u00dfteile\" \/>\n<meta name=\"robots\" content=\"index, follow, max-snippet:-1, max-image-preview:large, max-video-preview:-1\" \/>\n<link rel=\"canonical\" href=\"https:\/\/aw-delta.com\/de\/produkte\/\" \/>\n<meta property=\"og:locale\" content=\"de_DE\" \/>\n<meta property=\"og:type\" content=\"article\" \/>\n<meta property=\"og:title\" content=\"Produkte - AW-Delta\" \/>\n<meta property=\"og:description\" content=\"AW-Delta: Ihr Fachhandel f\u00fcr Produkte aus den Bereichen Motortuning, Ersatz- und Verschlei\u00dfteile\" \/>\n<meta property=\"og:url\" content=\"https:\/\/aw-delta.com\/de\/produkte\/\" \/>\n<meta property=\"og:site_name\" content=\"AW-Delta\" \/>\n<meta property=\"article:modified_time\" content=\"2019-12-23T12:24:29+00:00\" \/>\n<meta property=\"og:image\" content=\"https:\/\/aw-delta.com\/content\/wp-content\/uploads\/2016\/07\/motortuning.jpg\" \/>\n<meta name=\"twitter:card\" content=\"summary_large_image\" \/>\n<script type=\"application\/ld+json\" class=\"yoast-schema-graph\">{\"@context\":\"https:\\\/\\\/schema.org\",\"@graph\":[{\"@type\":\"WebPage\",\"@id\":\"https:\\\/\\\/aw-delta.com\\\/de\\\/produkte\\\/\",\"url\":\"https:\\\/\\\/aw-delta.com\\\/de\\\/produkte\\\/\",\"name\":\"Produkte - AW-Delta\",\"isPartOf\":{\"@id\":\"https:\\\/\\\/aw-delta.com\\\/de\\\/#website\"},\"primaryImageOfPage\":{\"@id\":\"https:\\\/\\\/aw-delta.com\\\/de\\\/produkte\\\/#primaryimage\"},\"image\":{\"@id\":\"https:\\\/\\\/aw-delta.com\\\/de\\\/produkte\\\/#primaryimage\"},\"thumbnailUrl\":\"https:\\\/\\\/aw-delta.com\\\/content\\\/wp-content\\\/uploads\\\/2016\\\/07\\\/motortuning.jpg\",\"datePublished\":\"2017-03-13T15:44:12+00:00\",\"dateModified\":\"2019-12-23T12:24:29+00:00\",\"description\":\"AW-Delta: Ihr Fachhandel f\u00fcr Produkte aus den Bereichen Motortuning, Ersatz- und Verschlei\u00dfteile\",\"breadcrumb\":{\"@id\":\"https:\\\/\\\/aw-delta.com\\\/de\\\/produkte\\\/#breadcrumb\"},\"inLanguage\":\"de\",\"potentialAction\":[{\"@type\":\"ReadAction\",\"target\":[\"https:\\\/\\\/aw-delta.com\\\/de\\\/produkte\\\/\"]}]},{\"@type\":\"ImageObject\",\"inLanguage\":\"de\",\"@id\":\"https:\\\/\\\/aw-delta.com\\\/de\\\/produkte\\\/#primaryimage\",\"url\":\"https:\\\/\\\/aw-delta.com\\\/content\\\/wp-content\\\/uploads\\\/2016\\\/07\\\/motortuning.jpg\",\"contentUrl\":\"https:\\\/\\\/aw-delta.com\\\/content\\\/wp-content\\\/uploads\\\/2016\\\/07\\\/motortuning.jpg\"},{\"@type\":\"BreadcrumbList\",\"@id\":\"https:\\\/\\\/aw-delta.com\\\/de\\\/produkte\\\/#breadcrumb\",\"itemListElement\":[{\"@type\":\"ListItem\",\"position\":1,\"name\":\"Startseite\",\"item\":\"https:\\\/\\\/aw-delta.com\\\/de\\\/\"},{\"@type\":\"ListItem\",\"position\":2,\"name\":\"Produkte\"}]},{\"@type\":\"WebSite\",\"@id\":\"https:\\\/\\\/aw-delta.com\\\/de\\\/#website\",\"url\":\"https:\\\/\\\/aw-delta.com\\\/de\\\/\",\"name\":\"AW-Delta\",\"description\":\"Autoersatzteile und Motorentuning von Alfa Romeo bis VW\",\"potentialAction\":[{\"@type\":\"SearchAction\",\"target\":{\"@type\":\"EntryPoint\",\"urlTemplate\":\"https:\\\/\\\/aw-delta.com\\\/de\\\/?s={search_term_string}\"},\"query-input\":{\"@type\":\"PropertyValueSpecification\",\"valueRequired\":true,\"valueName\":\"search_term_string\"}}],\"inLanguage\":\"de\"}]}<\/script>\n<!-- \/ Yoast SEO plugin. -->","yoast_head_json":{"title":"Produkte - AW-Delta","description":"AW-Delta: Ihr Fachhandel f\u00fcr Produkte aus den Bereichen Motortuning, Ersatz- und Verschlei\u00dfteile","robots":{"index":"index","follow":"follow","max-snippet":"max-snippet:-1","max-image-preview":"max-image-preview:large","max-video-preview":"max-video-preview:-1"},"canonical":"https:\/\/aw-delta.com\/de\/produkte\/","og_locale":"de_DE","og_type":"article","og_title":"Produkte - AW-Delta","og_description":"AW-Delta: Ihr Fachhandel f\u00fcr Produkte aus den Bereichen Motortuning, Ersatz- und Verschlei\u00dfteile","og_url":"https:\/\/aw-delta.com\/de\/produkte\/","og_site_name":"AW-Delta","article_modified_time":"2019-12-23T12:24:29+00:00","og_image":[{"url":"https:\/\/aw-delta.com\/content\/wp-content\/uploads\/2016\/07\/motortuning.jpg","type":"","width":"","height":""}],"twitter_card":"summary_large_image","schema":{"@context":"https:\/\/schema.org","@graph":[{"@type":"WebPage","@id":"https:\/\/aw-delta.com\/de\/produkte\/","url":"https:\/\/aw-delta.com\/de\/produkte\/","name":"Produkte - AW-Delta","isPartOf":{"@id":"https:\/\/aw-delta.com\/de\/#website"},"primaryImageOfPage":{"@id":"https:\/\/aw-delta.com\/de\/produkte\/#primaryimage"},"image":{"@id":"https:\/\/aw-delta.com\/de\/produkte\/#primaryimage"},"thumbnailUrl":"https:\/\/aw-delta.com\/content\/wp-content\/uploads\/2016\/07\/motortuning.jpg","datePublished":"2017-03-13T15:44:12+00:00","dateModified":"2019-12-23T12:24:29+00:00","description":"AW-Delta: Ihr Fachhandel f\u00fcr Produkte aus den Bereichen Motortuning, Ersatz- und Verschlei\u00dfteile","breadcrumb":{"@id":"https:\/\/aw-delta.com\/de\/produkte\/#breadcrumb"},"inLanguage":"de","potentialAction":[{"@type":"ReadAction","target":["https:\/\/aw-delta.com\/de\/produkte\/"]}]},{"@type":"ImageObject","inLanguage":"de","@id":"https:\/\/aw-delta.com\/de\/produkte\/#primaryimage","url":"https:\/\/aw-delta.com\/content\/wp-content\/uploads\/2016\/07\/motortuning.jpg","contentUrl":"https:\/\/aw-delta.com\/content\/wp-content\/uploads\/2016\/07\/motortuning.jpg"},{"@type":"BreadcrumbList","@id":"https:\/\/aw-delta.com\/de\/produkte\/#breadcrumb","itemListElement":[{"@type":"ListItem","position":1,"name":"Startseite","item":"https:\/\/aw-delta.com\/de\/"},{"@type":"ListItem","position":2,"name":"Produkte"}]},{"@type":"WebSite","@id":"https:\/\/aw-delta.com\/de\/#website","url":"https:\/\/aw-delta.com\/de\/","name":"AW-Delta","description":"Autoersatzteile und Motorentuning von Alfa Romeo bis VW","potentialAction":[{"@type":"SearchAction","target":{"@type":"EntryPoint","urlTemplate":"https:\/\/aw-delta.com\/de\/?s={search_term_string}"},"query-input":{"@type":"PropertyValueSpecification","valueRequired":true,"valueName":"search_term_string"}}],"inLanguage":"de"}]}},"_links":{"self":[{"href":"https:\/\/aw-delta.com\/de\/wp-json\/wp\/v2\/pages\/27","targetHints":{"allow":["GET"]}}],"collection":[{"href":"https:\/\/aw-delta.com\/de\/wp-json\/wp\/v2\/pages"}],"about":[{"href":"https:\/\/aw-delta.com\/de\/wp-json\/wp\/v2\/types\/page"}],"author":[{"embeddable":true,"href":"https:\/\/aw-delta.com\/de\/wp-json\/wp\/v2\/users\/1"}],"replies":[{"embeddable":true,"href":"https:\/\/aw-delta.com\/de\/wp-json\/wp\/v2\/comments?post=27"}],"version-history":[{"count":9,"href":"https:\/\/aw-delta.com\/de\/wp-json\/wp\/v2\/pages\/27\/revisions"}],"predecessor-version":[{"id":344,"href":"https:\/\/aw-delta.com\/de\/wp-json\/wp\/v2\/pages\/27\/revisions\/344"}],"wp:attachment":[{"href":"https:\/\/aw-delta.com\/de\/wp-json\/wp\/v2\/media?parent=27"}],"curies":[{"name":"wp","href":"https:\/\/api.w.org\/{rel}","templated":true}]}}