{"id":21,"date":"2017-03-13T16:39:30","date_gmt":"2017-03-13T15:39:30","guid":{"rendered":"http:\/\/aw-delta.com\/de\/?page_id=21"},"modified":"2025-03-25T15:31:25","modified_gmt":"2025-03-25T14:31:25","slug":"galerie","status":"publish","type":"page","link":"https:\/\/aw-delta.com\/de\/galerie\/","title":{"rendered":"Galerie"},"content":{"rendered":"<h2 class=\"accHandler col_12 active\">Willkommen in unserer Galerie. Hier finden Sie Videos und Fotos.<\/h2>\n<h2 class=\"accHandler col_12 active\">Vermessen der Zylinderk\u00f6pfe<\/h2>\n<div style=\"width: 840px;\" class=\"wp-video\"><video class=\"wp-video-shortcode\" id=\"video-21-1\" width=\"840\" height=\"472\" poster=\"https:\/\/www.aw-delta.com\/media\/Zylinderkoepfe.jpg\" preload=\"metadata\" controls=\"controls\"><source type=\"video\/mp4\" src=\"https:\/\/www.aw-delta.com\/media\/Zylinderkoepfe.mp4?_=1\" \/><a href=\"https:\/\/www.aw-delta.com\/media\/Zylinderkoepfe.mp4\">https:\/\/www.aw-delta.com\/media\/Zylinderkoepfe.mp4<\/a><\/video><\/div>\n<p>Vermessen der Zylinderk\u00f6pfe auf der Messbank zum Ermitteln der Istmasse. Die Werkstoleranzen von Alfa Romeo waren sehr hoch. Auch spielt das Alter der K\u00f6pfe eine wichtige Rolle. Diese Daten werden gebraucht, um die Fr\u00e4sprogramme zu erstellen.<\/p>\n\n\n<div class=\"wp-block-columns is-layout-flex wp-container-core-columns-is-layout-9d6595d7 wp-block-columns-is-layout-flex\">\n<div class=\"wp-block-column is-layout-flow wp-block-column-is-layout-flow\">\n<p><a class=\"cboxElement\" title=\"\" href=\"https:\/\/www.aw-delta.com\/media\/Zylinderkopf1.jpeg\" rel=\"lightbox[1]\"><img loading=\"lazy\" decoding=\"async\" class=\"thumb galelm col_2\" src=\"https:\/\/www.aw-delta.com\/media\/Zylinderkopf1.jpeg\" alt=\"Messbank\" width=\"180\" height=\"150\"><\/a><\/p>\n<\/div>\n\n\n\n<div class=\"wp-block-column is-layout-flow wp-block-column-is-layout-flow\">\n<p><a class=\"cboxElement\" title=\"\" href=\"https:\/\/www.aw-delta.com\/media\/Zylinderkopf2.jpeg\" rel=\"lightbox[1]\"><img loading=\"lazy\" decoding=\"async\" class=\"thumb galelm col_2\" src=\"https:\/\/www.aw-delta.com\/media\/Zylinderkopf2.jpeg\" alt=\"Messbank\" width=\"180\" height=\"150\"><\/a><\/p>\n<\/div>\n\n\n\n<div class=\"wp-block-column is-layout-flow wp-block-column-is-layout-flow\">\n<p><a class=\"cboxElement\" title=\"\" href=\"https:\/\/www.aw-delta.com\/media\/Zylinderkopf3.jpeg\" rel=\"lightbox[1]\"><img loading=\"lazy\" decoding=\"async\" class=\"thumb galelm col_2\" src=\"https:\/\/www.aw-delta.com\/media\/Zylinderkopf3.jpeg\" alt=\"Messbank\" width=\"180\" height=\"150\"><\/a><\/p>\n<\/div>\n<\/div>\n\n\n\n<h2 class=\"wp-block-heading\">Digitalisieren der Zylinderk\u00f6pfe<\/h2>\n\n\n\n<figure class=\"wp-block-video\"><video controls poster=\"https:\/\/www.aw-delta.com\/media\/Scan_Zylinderkopf.jpg\" src=\"https:\/\/www.aw-delta.com\/media\/Scan_Zylinderkopf.mp4\"><\/video><\/figure>\n\n\n\n<figure class=\"wp-block-video\"><video controls poster=\"https:\/\/www.aw-delta.com\/media\/Kanalbearbeitung1.jpg\" src=\"https:\/\/www.aw-delta.com\/media\/Kanalbearbeitung1.mp4\"><\/video><\/figure>\n\n\n\n<figure class=\"wp-block-video\"><video controls poster=\"https:\/\/www.aw-delta.com\/media\/Kanalbearbeitung2.jpg\" src=\"https:\/\/www.aw-delta.com\/media\/Kanalbearbeitung2.mp4\"><\/video><\/figure>\n\n\n\n<p>Die originalen Bauteile werden gescannt, um danach die verschiedenen Kanal und Brennraumformen zu fr\u00e4sen. Hier im Bild blau ein 2000 Zylinderkopf S 105 Nord, und bernsteinfarben eine Ansaugbr\u00fccke.<\/p>\n\n\n\n<div class=\"wp-block-columns is-layout-flex wp-container-core-columns-is-layout-9d6595d7 wp-block-columns-is-layout-flex\">\n<div class=\"wp-block-column is-layout-flow wp-block-column-is-layout-flow\">\n<figure class=\"wp-block-image\"><a class=\"cboxElement\" href=\"https:\/\/www.aw-delta.com\/media\/Digitalisierung1.jpeg\" rel=\"lightbox[2]\"><img decoding=\"async\" src=\"https:\/\/aw-delta.com\/media\/Digitalisierung1.jpeg\" alt=\"\"\/><\/a><\/figure>\n<\/div>\n\n\n\n<div class=\"wp-block-column is-layout-flow wp-block-column-is-layout-flow\">\n<figure class=\"wp-block-image\"><a class=\"cboxElement\" href=\"https:\/\/www.aw-delta.com\/media\/Digitalisierung2.jpeg\" rel=\"lightbox[2]\"><img decoding=\"async\" src=\"https:\/\/aw-delta.com\/media\/Digitalisierung2.jpeg\" alt=\"\"\/><\/a><\/figure>\n<\/div>\n\n\n\n<div class=\"wp-block-column is-layout-flow wp-block-column-is-layout-flow\">\n<figure class=\"wp-block-image\"><a class=\"cboxElement\" href=\"https:\/\/aw-delta.com\/media\/Digitalisierung3.jpeg\" rel=\"lightbox[2]\"><img decoding=\"async\" src=\"https:\/\/aw-delta.com\/media\/Digitalisierung3.jpeg\" alt=\"\"\/><\/a><\/figure>\n<\/div>\n<\/div>\n\n\n\n<div class=\"wp-block-columns is-layout-flex wp-container-core-columns-is-layout-9d6595d7 wp-block-columns-is-layout-flex\">\n<div class=\"wp-block-column is-layout-flow wp-block-column-is-layout-flow\">\n<figure class=\"wp-block-image\"><a class=\"cboxElement\" href=\"https:\/\/www.aw-delta.com\/media\/Digitalisierung4.jpeg\" rel=\"lightbox[2]\"><img decoding=\"async\" src=\"https:\/\/aw-delta.com\/media\/Digitalisierung4.jpeg\" alt=\"\"\/><\/a><\/figure>\n<\/div>\n\n\n\n<div class=\"wp-block-column is-layout-flow wp-block-column-is-layout-flow\">\n<figure class=\"wp-block-image\"><a class=\"cboxElement\" href=\"https:\/\/www.aw-delta.com\/media\/Digitalisierung5.jpeg\" rel=\"lightbox[2]\"><img decoding=\"async\" src=\"https:\/\/aw-delta.com\/media\/Digitalisierung5.jpeg\" alt=\"\"\/><\/a><\/figure>\n<\/div>\n\n\n\n<div class=\"wp-block-column is-layout-flow wp-block-column-is-layout-flow\">\n<figure class=\"wp-block-image\"><a class=\"cboxElement\" href=\"https:\/\/aw-delta.com\/media\/Digitalisierung6.jpeg\" rel=\"lightbox[2]\"><img decoding=\"async\" src=\"https:\/\/aw-delta.com\/media\/Digitalisierung6.jpeg\" alt=\"\"\/><\/a><\/figure>\n<\/div>\n<\/div>\n\n\n\n<h2 class=\"wp-block-heading\">Kanaloptimierung<\/h2>\n\n\n\n<p>CAD \/ CNC optimierte Kanalbearbeitung von Serienk\u00f6pfen Alfa Romeo 1300 &#8211; 2000 Nord. Anpassen der Kan\u00e4le anhand von digitalisierten Serienk\u00f6pfen und Br\u00fccken. Str\u00f6mungsoptimierung durch Simulation am PC und durch die Flow Bench.<\/p>\n\n\n\n<div class=\"wp-block-columns is-layout-flex wp-container-core-columns-is-layout-9d6595d7 wp-block-columns-is-layout-flex\">\n<div class=\"wp-block-column is-layout-flow wp-block-column-is-layout-flow\">\n<figure class=\"wp-block-image\"><a class=\"cboxElement\" href=\"https:\/\/www.aw-delta.com\/media\/Kanaloptimierung1.jpeg\" rel=\"lightbox[3]\"><img decoding=\"async\" src=\"https:\/\/aw-delta.com\/media\/Kanaloptimierung1.jpeg\" alt=\"\"\/><\/a><\/figure>\n<\/div>\n\n\n\n<div class=\"wp-block-column is-layout-flow wp-block-column-is-layout-flow\">\n<figure class=\"wp-block-image\"><a class=\"cboxElement\" href=\"https:\/\/aw-delta.com\/media\/Kanaloptimierung2.jpeg\" rel=\"lightbox[3]\"><img decoding=\"async\" src=\"https:\/\/aw-delta.com\/media\/Kanaloptimierung2.jpeg\" alt=\"\"\/><\/a><\/figure>\n<\/div>\n<\/div>\n\n\n\n<div class=\"wp-block-columns is-layout-flex wp-container-core-columns-is-layout-9d6595d7 wp-block-columns-is-layout-flex\">\n<div class=\"wp-block-column is-layout-flow wp-block-column-is-layout-flow\">\n<figure class=\"wp-block-image\"><a class=\"cboxElement\" href=\"https:\/\/www.aw-delta.com\/media\/Kanaloptimierung3.jpeg\" rel=\"lightbox[3]\"><img decoding=\"async\" src=\"https:\/\/aw-delta.com\/media\/Kanaloptimierung3.jpeg\" alt=\"\"\/><\/a><\/figure>\n<\/div>\n\n\n\n<div class=\"wp-block-column is-layout-flow wp-block-column-is-layout-flow\">\n<figure class=\"wp-block-image\"><a class=\"cboxElement\" href=\"https:\/\/aw-delta.com\/media\/Kanaloptimierung4.jpeg\" rel=\"lightbox[3]\"><img decoding=\"async\" src=\"https:\/\/aw-delta.com\/media\/Kanaloptimierung4.jpeg\" alt=\"\"\/><\/a><\/figure>\n<\/div>\n<\/div>\n\n\n\n<h2 class=\"wp-block-heading\"><a href=\"https:\/\/aw-delta.com\/de\/produkte\/sportauspuffanlagen\/videos-von-unserem-partner-ragazzon\/\">Von unserem Partner Ragazzon zur Verf\u00fcgung gestellte Videos<\/a><\/h2>\n\n\n<h2 class=\"wp-block-heading\">Von unserem Partner Ragazzon zur Verf\u00fcgung gestellte Fotos<\/h2>\n<ul>\n \t<li style=\"list-style-type: none;\">\n<ul>\n \t<li style=\"list-style-type: none;\">\n<ul>\n \t<li><a href=\"https:\/\/aw-delta.com\/de\/produkte\/sportauspuffanlagen\/bmw_m2_f87_coupe\/\">BMW M2 F87 Coupe<\/a><\/li>\n \t<li><a href=\"https:\/\/aw-delta.com\/de\/produkte\/sportauspuffanlagen\/alfa-romeo-junior966-2024-1-2-100kw-hybrid-2024\/\">Alfa Romeo \/ Junior(966)<\/a><\/li>\n<\/ul>\n<\/li>\n<\/ul>\n<\/li>\n<\/ul>\n\n\n\n<p><\/p>\n","protected":false},"excerpt":{"rendered":"<p>Willkommen in unserer Galerie. Hier finden Sie Videos und Fotos. Vermessen der Zylinderk\u00f6pfe Vermessen der Zylinderk\u00f6pfe auf der Messbank zum Ermitteln der Istmasse. Die Werkstoleranzen von Alfa Romeo waren sehr hoch. Auch spielt das Alter der K\u00f6pfe eine wichtige Rolle. Diese Daten werden gebraucht, um die Fr\u00e4sprogramme zu erstellen. Digitalisieren der Zylinderk\u00f6pfe Die originalen Bauteile &hellip; <a href=\"https:\/\/aw-delta.com\/de\/galerie\/\" class=\"more-link\"><span class=\"screen-reader-text\">\u201eGalerie\u201c <\/span>weiterlesen<\/a><\/p>\n","protected":false},"author":1,"featured_media":0,"parent":0,"menu_order":0,"comment_status":"closed","ping_status":"closed","template":"","meta":{"footnotes":""},"class_list":["post-21","page","type-page","status-publish","hentry"],"yoast_head":"<!-- This site is optimized with the Yoast SEO plugin v27.2 - https:\/\/yoast.com\/product\/yoast-seo-wordpress\/ -->\n<title>Galerie - AW-Delta<\/title>\n<meta name=\"description\" content=\"Galerie von AW-Delta - Ihrem Spezial-Betrieb f\u00fcr Autoersatzteile und Motorentuning aller Fabrikate von Alfa Romeo bis Volkswagen in B\u00fcnde.\" \/>\n<meta name=\"robots\" content=\"index, follow, max-snippet:-1, max-image-preview:large, max-video-preview:-1\" \/>\n<link rel=\"canonical\" href=\"https:\/\/aw-delta.com\/de\/galerie\/\" \/>\n<meta property=\"og:locale\" content=\"de_DE\" \/>\n<meta property=\"og:type\" content=\"article\" \/>\n<meta property=\"og:title\" content=\"Galerie - AW-Delta\" \/>\n<meta property=\"og:description\" content=\"Galerie von AW-Delta - Ihrem Spezial-Betrieb f\u00fcr Autoersatzteile und Motorentuning aller Fabrikate von Alfa Romeo bis Volkswagen in B\u00fcnde.\" \/>\n<meta property=\"og:url\" content=\"https:\/\/aw-delta.com\/de\/galerie\/\" \/>\n<meta property=\"og:site_name\" content=\"AW-Delta\" \/>\n<meta property=\"article:modified_time\" content=\"2025-03-25T14:31:25+00:00\" \/>\n<meta property=\"og:image\" content=\"https:\/\/www.aw-delta.com\/media\/Zylinderkopf1.jpeg\" \/>\n<meta name=\"twitter:card\" content=\"summary_large_image\" \/>\n<meta name=\"twitter:label1\" content=\"Gesch\u00e4tzte Lesezeit\" \/>\n\t<meta name=\"twitter:data1\" content=\"4\u00a0Minuten\" \/>\n<script type=\"application\/ld+json\" class=\"yoast-schema-graph\">{\"@context\":\"https:\/\/schema.org\",\"@graph\":[{\"@type\":\"WebPage\",\"@id\":\"https:\/\/aw-delta.com\/de\/galerie\/\",\"url\":\"https:\/\/aw-delta.com\/de\/galerie\/\",\"name\":\"Galerie - AW-Delta\",\"isPartOf\":{\"@id\":\"https:\/\/aw-delta.com\/de\/#website\"},\"primaryImageOfPage\":{\"@id\":\"https:\/\/aw-delta.com\/de\/galerie\/#primaryimage\"},\"image\":{\"@id\":\"https:\/\/aw-delta.com\/de\/galerie\/#primaryimage\"},\"thumbnailUrl\":\"https:\/\/www.aw-delta.com\/media\/Zylinderkopf1.jpeg\",\"datePublished\":\"2017-03-13T15:39:30+00:00\",\"dateModified\":\"2025-03-25T14:31:25+00:00\",\"description\":\"Galerie von AW-Delta - Ihrem Spezial-Betrieb f\u00fcr Autoersatzteile und Motorentuning aller Fabrikate von Alfa Romeo bis Volkswagen in B\u00fcnde.\",\"breadcrumb\":{\"@id\":\"https:\/\/aw-delta.com\/de\/galerie\/#breadcrumb\"},\"inLanguage\":\"de\",\"potentialAction\":[{\"@type\":\"ReadAction\",\"target\":[\"https:\/\/aw-delta.com\/de\/galerie\/\"]}]},{\"@type\":\"ImageObject\",\"inLanguage\":\"de\",\"@id\":\"https:\/\/aw-delta.com\/de\/galerie\/#primaryimage\",\"url\":\"https:\/\/www.aw-delta.com\/media\/Zylinderkopf1.jpeg\",\"contentUrl\":\"https:\/\/www.aw-delta.com\/media\/Zylinderkopf1.jpeg\"},{\"@type\":\"BreadcrumbList\",\"@id\":\"https:\/\/aw-delta.com\/de\/galerie\/#breadcrumb\",\"itemListElement\":[{\"@type\":\"ListItem\",\"position\":1,\"name\":\"Startseite\",\"item\":\"https:\/\/aw-delta.com\/de\/\"},{\"@type\":\"ListItem\",\"position\":2,\"name\":\"Galerie\"}]},{\"@type\":\"WebSite\",\"@id\":\"https:\/\/aw-delta.com\/de\/#website\",\"url\":\"https:\/\/aw-delta.com\/de\/\",\"name\":\"AW-Delta\",\"description\":\"Autoersatzteile und Motorentuning von Alfa Romeo bis VW\",\"potentialAction\":[{\"@type\":\"SearchAction\",\"target\":{\"@type\":\"EntryPoint\",\"urlTemplate\":\"https:\/\/aw-delta.com\/de\/?s={search_term_string}\"},\"query-input\":{\"@type\":\"PropertyValueSpecification\",\"valueRequired\":true,\"valueName\":\"search_term_string\"}}],\"inLanguage\":\"de\"}]}<\/script>\n<!-- \/ Yoast SEO plugin. -->","yoast_head_json":{"title":"Galerie - AW-Delta","description":"Galerie von AW-Delta - Ihrem Spezial-Betrieb f\u00fcr Autoersatzteile und Motorentuning aller Fabrikate von Alfa Romeo bis Volkswagen in B\u00fcnde.","robots":{"index":"index","follow":"follow","max-snippet":"max-snippet:-1","max-image-preview":"max-image-preview:large","max-video-preview":"max-video-preview:-1"},"canonical":"https:\/\/aw-delta.com\/de\/galerie\/","og_locale":"de_DE","og_type":"article","og_title":"Galerie - AW-Delta","og_description":"Galerie von AW-Delta - Ihrem Spezial-Betrieb f\u00fcr Autoersatzteile und Motorentuning aller Fabrikate von Alfa Romeo bis Volkswagen in B\u00fcnde.","og_url":"https:\/\/aw-delta.com\/de\/galerie\/","og_site_name":"AW-Delta","article_modified_time":"2025-03-25T14:31:25+00:00","og_image":[{"url":"https:\/\/www.aw-delta.com\/media\/Zylinderkopf1.jpeg","type":"","width":"","height":""}],"twitter_card":"summary_large_image","twitter_misc":{"Gesch\u00e4tzte Lesezeit":"4\u00a0Minuten"},"schema":{"@context":"https:\/\/schema.org","@graph":[{"@type":"WebPage","@id":"https:\/\/aw-delta.com\/de\/galerie\/","url":"https:\/\/aw-delta.com\/de\/galerie\/","name":"Galerie - AW-Delta","isPartOf":{"@id":"https:\/\/aw-delta.com\/de\/#website"},"primaryImageOfPage":{"@id":"https:\/\/aw-delta.com\/de\/galerie\/#primaryimage"},"image":{"@id":"https:\/\/aw-delta.com\/de\/galerie\/#primaryimage"},"thumbnailUrl":"https:\/\/www.aw-delta.com\/media\/Zylinderkopf1.jpeg","datePublished":"2017-03-13T15:39:30+00:00","dateModified":"2025-03-25T14:31:25+00:00","description":"Galerie von AW-Delta - Ihrem Spezial-Betrieb f\u00fcr Autoersatzteile und Motorentuning aller Fabrikate von Alfa Romeo bis Volkswagen in B\u00fcnde.","breadcrumb":{"@id":"https:\/\/aw-delta.com\/de\/galerie\/#breadcrumb"},"inLanguage":"de","potentialAction":[{"@type":"ReadAction","target":["https:\/\/aw-delta.com\/de\/galerie\/"]}]},{"@type":"ImageObject","inLanguage":"de","@id":"https:\/\/aw-delta.com\/de\/galerie\/#primaryimage","url":"https:\/\/www.aw-delta.com\/media\/Zylinderkopf1.jpeg","contentUrl":"https:\/\/www.aw-delta.com\/media\/Zylinderkopf1.jpeg"},{"@type":"BreadcrumbList","@id":"https:\/\/aw-delta.com\/de\/galerie\/#breadcrumb","itemListElement":[{"@type":"ListItem","position":1,"name":"Startseite","item":"https:\/\/aw-delta.com\/de\/"},{"@type":"ListItem","position":2,"name":"Galerie"}]},{"@type":"WebSite","@id":"https:\/\/aw-delta.com\/de\/#website","url":"https:\/\/aw-delta.com\/de\/","name":"AW-Delta","description":"Autoersatzteile und Motorentuning von Alfa Romeo bis VW","potentialAction":[{"@type":"SearchAction","target":{"@type":"EntryPoint","urlTemplate":"https:\/\/aw-delta.com\/de\/?s={search_term_string}"},"query-input":{"@type":"PropertyValueSpecification","valueRequired":true,"valueName":"search_term_string"}}],"inLanguage":"de"}]}},"_links":{"self":[{"href":"https:\/\/aw-delta.com\/de\/wp-json\/wp\/v2\/pages\/21","targetHints":{"allow":["GET"]}}],"collection":[{"href":"https:\/\/aw-delta.com\/de\/wp-json\/wp\/v2\/pages"}],"about":[{"href":"https:\/\/aw-delta.com\/de\/wp-json\/wp\/v2\/types\/page"}],"author":[{"embeddable":true,"href":"https:\/\/aw-delta.com\/de\/wp-json\/wp\/v2\/users\/1"}],"replies":[{"embeddable":true,"href":"https:\/\/aw-delta.com\/de\/wp-json\/wp\/v2\/comments?post=21"}],"version-history":[{"count":28,"href":"https:\/\/aw-delta.com\/de\/wp-json\/wp\/v2\/pages\/21\/revisions"}],"predecessor-version":[{"id":719,"href":"https:\/\/aw-delta.com\/de\/wp-json\/wp\/v2\/pages\/21\/revisions\/719"}],"wp:attachment":[{"href":"https:\/\/aw-delta.com\/de\/wp-json\/wp\/v2\/media?parent=21"}],"curies":[{"name":"wp","href":"https:\/\/api.w.org\/{rel}","templated":true}]}}