{"id":17,"date":"2017-03-13T16:37:00","date_gmt":"2017-03-13T15:37:00","guid":{"rendered":"http:\/\/aw-delta.com\/de\/?page_id=17"},"modified":"2024-10-16T10:14:40","modified_gmt":"2024-10-16T08:14:40","slug":"autoersatzteile-und-motorentuning-von-alfa-romeo-bis-vw","status":"publish","type":"page","link":"https:\/\/aw-delta.com\/de\/","title":{"rendered":"Autoersatzteile und Motorentuning von Alfa Romeo bis VW"},"content":{"rendered":"<h2><strong>Der Fachpartner in B\u00fcnde und online <\/strong><\/h2>\n<p>AW-Delta ist Ihr Spezial-Betrieb f\u00fcr Autoersatzteile und Motorentuning aller Fabrikate von Alfa Romeo bis VW in B\u00fcnde. In unserer Kfz-Werkstatt bieten wir Ihnen besten Service, Werkstattleistungen und Tuning-Arbeiten vom Profi. Aber auch wenn Sie Spezialteile und hochwertiges Zubeh\u00f6r online kaufen m\u00f6chten, sind Sie bei uns richtig.<\/p>\n<p>In unserem <a href=\"https:\/\/aw-delta.com\/shop\">Online-Shop<\/a> finden Sie eine gro\u00dfe Auswahl an Produkten der Bereiche:<\/p>\n<ul>\n<li><a href=\"https:\/\/aw-delta.com\/de\/produkte\/motortuning\">Motortuning<\/a><\/li>\n<li><a href=\"https:\/\/aw-delta.com\/de\/produkte\/ersatz-und-verschleissteile\">Ersatz- und Verschlei\u00dfteile<\/a><\/li>\n<li><a href=\"https:\/\/aw-delta.com\/de\/produkte\/sportauspuffanlagen\">Sportauspuffanlagen<\/a><\/li>\n<li><a href=\"https:\/\/aw-delta.com\/de\/produkte\/zuend-und-einspritzsysteme\">Z\u00fcnd- und Einspritzsysteme<\/a><\/li>\n<li><a href=\"https:\/\/aw-delta.com\/de\/produkte\/schmiedekolben-pleuel-titanventile\">Schmiedekolben, Pleuel &amp; Titanventile<\/a><\/li>\n<li><a href=\"https:\/\/aw-delta.com\/de\/produkte\/nockenwellen\">Nockenwellen<\/a><strong><br \/><\/strong><\/li>\n<\/ul>\n<h3><strong>Topartikel aus unserem Shop<\/strong><\/h3>\n\n\n<div class=\"wp-block-columns is-layout-flex wp-container-core-columns-is-layout-9d6595d7 wp-block-columns-is-layout-flex\">\n<div class=\"wp-block-column is-layout-flow wp-block-column-is-layout-flow\"><div class=\"wp-block-image is-style-circle-mask\">\n<figure class=\"aligncenter size-large\"><a href=\"https:\/\/aw-delta.com\/shop\/product_info.php?products_id=20605\"><img decoding=\"async\" src=\"https:\/\/aw-delta.com\/shop\/images\/product_images\/info_images\/IMG_6159.JPG\" alt=\"\"\/><\/a><figcaption class=\"wp-element-caption\"><a href=\"https:\/\/aw-delta.com\/shop\/product_info.php?products_id=20605\">Ansaugbr\u00fccke Alfa Romeo 155 T.S. Nord 105 Umbau<\/a><\/figcaption><\/figure>\n<\/div><\/div>\n\n\n\n<div class=\"wp-block-column is-layout-flow wp-block-column-is-layout-flow\"><div class=\"wp-block-image is-style-circle-mask\">\n<figure class=\"aligncenter size-large\"><a href=\"https:\/\/aw-delta.com\/shop\/product_info.php?products_id=20602\"><img decoding=\"async\" src=\"https:\/\/aw-delta.com\/shop\/images\/product_images\/info_images\/IMG_5275.JPG\" alt=\"\"\/><\/a><figcaption class=\"wp-element-caption\"><a href=\"https:\/\/aw-delta.com\/shop\/product_info.php?products_id=20602\">Ventildeckel Alfa Romeo 155<\/a><\/figcaption><\/figure>\n<\/div><\/div>\n\n\n\n<div class=\"wp-block-column is-layout-flow wp-block-column-is-layout-flow\"><div class=\"wp-block-image is-style-circle-mask\">\n<figure class=\"aligncenter size-large\"><a href=\"https:\/\/aw-delta.com\/shop\/product_info.php?products_id=20604\"><img decoding=\"async\" src=\"https:\/\/aw-delta.com\/shop\/images\/product_images\/info_images\/IMG_6028.JPG\" alt=\"\"\/><\/a><figcaption class=\"wp-element-caption\"><a href=\"https:\/\/aw-delta.com\/shop\/product_info.php?products_id=20604\">Ventildeckel Alfa Romeo 155 hochglanzverdichtet<\/a><\/figcaption><\/figure>\n<\/div><\/div>\n<\/div>\n\n\n\n<div class=\"wp-block-columns is-layout-flex wp-container-core-columns-is-layout-9d6595d7 wp-block-columns-is-layout-flex\">\n<div class=\"wp-block-column is-layout-flow wp-block-column-is-layout-flow\"><div class=\"wp-block-image is-style-circle-mask\">\n<figure class=\"aligncenter size-large\"><a href=\"https:\/\/aw-delta.com\/shop\/product_info.php?products_id=20607\"><img decoding=\"async\" src=\"https:\/\/aw-delta.com\/shop\/images\/product_images\/info_images\/VD75O_1.jpeg\" alt=\"\"\/><\/a><figcaption class=\"wp-element-caption\"><a href=\"https:\/\/aw-delta.com\/shop\/product_info.php?products_id=20607\">Alfa Romeo 75 T.S. Ventildeckel Zylinderkopf mit 105 er NORD Optik &#8211; offen<\/a><\/figcaption><\/figure>\n<\/div><\/div>\n\n\n\n<div class=\"wp-block-column is-layout-flow wp-block-column-is-layout-flow\"><div class=\"wp-block-image is-style-circle-mask\">\n<figure class=\"aligncenter size-large\"><img decoding=\"async\" src=\"https:\/\/aw-delta.com\/shop\/images\/product_images\/info_images\/VD75G_1.jpeg\" alt=\"\"\/><figcaption class=\"wp-element-caption\"><a href=\"https:\/\/aw-delta.com\/shop\/product_info.php?products_id=20603\">Alfa Romeo 75 T.S. Ventildeckel Zylinderkopf mit 105 er NORD Optik <\/a><\/figcaption><\/figure>\n<\/div><\/div>\n\n\n\n<div class=\"wp-block-column is-layout-flow wp-block-column-is-layout-flow\"><div class=\"wp-block-image is-style-circle-mask\">\n<figure class=\"aligncenter size-large\"><a href=\"https:\/\/aw-delta.com\/shop\/product_info.php?products_id=22427\"><img decoding=\"async\" src=\"https:\/\/aw-delta.com\/shop\/images\/product_images\/info_images\/IMG_3423_2021.jpg\" alt=\"\"\/><\/a><figcaption class=\"wp-element-caption\"><a href=\"https:\/\/aw-delta.com\/shop\/product_info.php?products_id=22427\">Alfa Romeo Twin Spark 155 Ansaugbr\u00fccke NORD 105 er Motor Umbau &#8211; Intake Manifold <\/a><\/figcaption><\/figure>\n<\/div><\/div>\n<\/div>\n\n\n\n<h2 class=\"wp-block-heading\"><strong>Von Alfa Romeo bis Volkswagen<br><\/strong><\/h2>\n\n\n\n<p>AW-Delta ist seit \u00fcber 35 Jahren Ihr Fachpartner f\u00fcr Autoersatzteile, Werkstattleistungen und Motortuning in B\u00fcnde. Nachdem wir uns zuerst in der Alfa Romeo-Szene einen Namen gemacht haben, sind wir nun eine beliebte Adresse f\u00fcr alle Fabrikate. Wir bieten Sportauspuffanlagen, Z\u00fcnd- und Einspritzsysteme, Nockenwellen sowie Schmiedekolben und Pleuel f\u00fcr Sport- und Rennfahrzeuge aller Fabrikate von Alfa Romeo bis VW.<\/p>\n\n\n\n<p>Das Motortuning ist dabei ein Schwerpunkt des AW-Delta-Teams \u2013 von allen ben\u00f6tigten Tuning-Teilen \u00fcber beste Ausstattung der Werkstatt bis hin zur fachlichen Expertise und Erfahrung der Mitarbeiter haben wir beste Voraussetzungen, um Ihren Tuning-Wunsch zu erf\u00fcllen. Auf unserem Leistungspr\u00fcfstand optimieren wir nicht nur f\u00fcr Alfa Romeo Fahrzeuge die Motorleistung.<\/p>\n\n\n\n<p>Haben Sie Fragen oder ben\u00f6tigen Sie detaillierte Informationen zu unseren Produkten? M\u00f6chten Sie direkt einen Termin vereinbaren oder sich zun\u00e4chst n\u00e4her \u00fcber unsere Leistungen informieren? Dann kontaktieren Sie uns einfach. Sie erreichen uns unter 05223\/3212, per E-Mail oder \u00fcber das Kontaktformular.<\/p>\n\n\n\n<p>Wir freuen uns auf Ihre Anfrage und k\u00f6nnen Ihnen bestimmt weiterhelfen.<\/p>\n\n\n\n<p><\/p>\n","protected":false},"excerpt":{"rendered":"<p>Der Fachpartner in B\u00fcnde und online AW-Delta ist Ihr Spezial-Betrieb f\u00fcr Autoersatzteile und Motorentuning aller Fabrikate von Alfa Romeo bis VW in B\u00fcnde. In unserer Kfz-Werkstatt bieten wir Ihnen besten Service, Werkstattleistungen und Tuning-Arbeiten vom Profi. Aber auch wenn Sie Spezialteile und hochwertiges Zubeh\u00f6r online kaufen m\u00f6chten, sind Sie bei uns richtig. In unserem Online-Shop &hellip; <a href=\"https:\/\/aw-delta.com\/de\/\" class=\"more-link\"><span class=\"screen-reader-text\">\u201eAutoersatzteile und Motorentuning von Alfa Romeo bis VW\u201c <\/span>weiterlesen<\/a><\/p>\n","protected":false},"author":1,"featured_media":0,"parent":0,"menu_order":0,"comment_status":"closed","ping_status":"closed","template":"","meta":{"footnotes":""},"class_list":["post-17","page","type-page","status-publish","hentry"],"yoast_head":"<!-- This site is optimized with the Yoast SEO plugin v27.4 - https:\/\/yoast.com\/product\/yoast-seo-wordpress\/ -->\n<title>Autoersatzteile und Motorentuning von Alfa Romeo bis VW - AW-Delta<\/title>\n<meta name=\"description\" content=\"AW-Delta ist Ihr Spezial-Betrieb mit mehr als 25 Jahren Erfahrung f\u00fcr Autoersatzteile und Motorentuning aller Fabrikate von Alfa Romeo bis Volkswagen in B\u00fcnde und online\" \/>\n<meta name=\"robots\" content=\"index, follow, max-snippet:-1, max-image-preview:large, max-video-preview:-1\" \/>\n<link rel=\"canonical\" href=\"https:\/\/aw-delta.com\/de\/\" \/>\n<meta property=\"og:locale\" content=\"de_DE\" \/>\n<meta property=\"og:type\" content=\"article\" \/>\n<meta property=\"og:title\" content=\"Autoersatzteile und Motorentuning von Alfa Romeo bis VW - AW-Delta\" \/>\n<meta property=\"og:description\" content=\"AW-Delta ist Ihr Spezial-Betrieb mit mehr als 25 Jahren Erfahrung f\u00fcr Autoersatzteile und Motorentuning aller Fabrikate von Alfa Romeo bis Volkswagen in B\u00fcnde und online\" \/>\n<meta property=\"og:url\" content=\"https:\/\/aw-delta.com\/de\/\" \/>\n<meta property=\"og:site_name\" content=\"AW-Delta\" \/>\n<meta property=\"article:modified_time\" content=\"2024-10-16T08:14:40+00:00\" \/>\n<meta property=\"og:image\" content=\"https:\/\/aw-delta.com\/shop\/images\/product_images\/info_images\/IMG_6159.JPG\" \/>\n<meta name=\"twitter:card\" content=\"summary_large_image\" \/>\n<meta name=\"twitter:label1\" content=\"Gesch\u00e4tzte Lesezeit\" \/>\n\t<meta name=\"twitter:data1\" content=\"3\u00a0Minuten\" \/>\n<script type=\"application\/ld+json\" class=\"yoast-schema-graph\">{\"@context\":\"https:\\\/\\\/schema.org\",\"@graph\":[{\"@type\":\"WebPage\",\"@id\":\"https:\\\/\\\/aw-delta.com\\\/de\\\/\",\"url\":\"https:\\\/\\\/aw-delta.com\\\/de\\\/\",\"name\":\"Autoersatzteile und Motorentuning von Alfa Romeo bis VW - AW-Delta\",\"isPartOf\":{\"@id\":\"https:\\\/\\\/aw-delta.com\\\/de\\\/#website\"},\"primaryImageOfPage\":{\"@id\":\"https:\\\/\\\/aw-delta.com\\\/de\\\/#primaryimage\"},\"image\":{\"@id\":\"https:\\\/\\\/aw-delta.com\\\/de\\\/#primaryimage\"},\"thumbnailUrl\":\"https:\\\/\\\/aw-delta.com\\\/shop\\\/images\\\/product_images\\\/info_images\\\/IMG_6159.JPG\",\"datePublished\":\"2017-03-13T15:37:00+00:00\",\"dateModified\":\"2024-10-16T08:14:40+00:00\",\"description\":\"AW-Delta ist Ihr Spezial-Betrieb mit mehr als 25 Jahren Erfahrung f\u00fcr Autoersatzteile und Motorentuning aller Fabrikate von Alfa Romeo bis Volkswagen in B\u00fcnde und online\",\"breadcrumb\":{\"@id\":\"https:\\\/\\\/aw-delta.com\\\/de\\\/#breadcrumb\"},\"inLanguage\":\"de\",\"potentialAction\":[{\"@type\":\"ReadAction\",\"target\":[\"https:\\\/\\\/aw-delta.com\\\/de\\\/\"]}]},{\"@type\":\"ImageObject\",\"inLanguage\":\"de\",\"@id\":\"https:\\\/\\\/aw-delta.com\\\/de\\\/#primaryimage\",\"url\":\"https:\\\/\\\/aw-delta.com\\\/shop\\\/images\\\/product_images\\\/info_images\\\/IMG_6159.JPG\",\"contentUrl\":\"https:\\\/\\\/aw-delta.com\\\/shop\\\/images\\\/product_images\\\/info_images\\\/IMG_6159.JPG\"},{\"@type\":\"BreadcrumbList\",\"@id\":\"https:\\\/\\\/aw-delta.com\\\/de\\\/#breadcrumb\",\"itemListElement\":[{\"@type\":\"ListItem\",\"position\":1,\"name\":\"Startseite\",\"item\":\"https:\\\/\\\/aw-delta.com\\\/de\\\/\"},{\"@type\":\"ListItem\",\"position\":2,\"name\":\"Autoersatzteile und Motorentuning von Alfa Romeo bis VW\"}]},{\"@type\":\"WebSite\",\"@id\":\"https:\\\/\\\/aw-delta.com\\\/de\\\/#website\",\"url\":\"https:\\\/\\\/aw-delta.com\\\/de\\\/\",\"name\":\"AW-Delta\",\"description\":\"Autoersatzteile und Motorentuning von Alfa Romeo bis VW\",\"potentialAction\":[{\"@type\":\"SearchAction\",\"target\":{\"@type\":\"EntryPoint\",\"urlTemplate\":\"https:\\\/\\\/aw-delta.com\\\/de\\\/?s={search_term_string}\"},\"query-input\":{\"@type\":\"PropertyValueSpecification\",\"valueRequired\":true,\"valueName\":\"search_term_string\"}}],\"inLanguage\":\"de\"}]}<\/script>\n<!-- \/ Yoast SEO plugin. -->","yoast_head_json":{"title":"Autoersatzteile und Motorentuning von Alfa Romeo bis VW - AW-Delta","description":"AW-Delta ist Ihr Spezial-Betrieb mit mehr als 25 Jahren Erfahrung f\u00fcr Autoersatzteile und Motorentuning aller Fabrikate von Alfa Romeo bis Volkswagen in B\u00fcnde und online","robots":{"index":"index","follow":"follow","max-snippet":"max-snippet:-1","max-image-preview":"max-image-preview:large","max-video-preview":"max-video-preview:-1"},"canonical":"https:\/\/aw-delta.com\/de\/","og_locale":"de_DE","og_type":"article","og_title":"Autoersatzteile und Motorentuning von Alfa Romeo bis VW - AW-Delta","og_description":"AW-Delta ist Ihr Spezial-Betrieb mit mehr als 25 Jahren Erfahrung f\u00fcr Autoersatzteile und Motorentuning aller Fabrikate von Alfa Romeo bis Volkswagen in B\u00fcnde und online","og_url":"https:\/\/aw-delta.com\/de\/","og_site_name":"AW-Delta","article_modified_time":"2024-10-16T08:14:40+00:00","og_image":[{"url":"https:\/\/aw-delta.com\/shop\/images\/product_images\/info_images\/IMG_6159.JPG","type":"","width":"","height":""}],"twitter_card":"summary_large_image","twitter_misc":{"Gesch\u00e4tzte Lesezeit":"3\u00a0Minuten"},"schema":{"@context":"https:\/\/schema.org","@graph":[{"@type":"WebPage","@id":"https:\/\/aw-delta.com\/de\/","url":"https:\/\/aw-delta.com\/de\/","name":"Autoersatzteile und Motorentuning von Alfa Romeo bis VW - AW-Delta","isPartOf":{"@id":"https:\/\/aw-delta.com\/de\/#website"},"primaryImageOfPage":{"@id":"https:\/\/aw-delta.com\/de\/#primaryimage"},"image":{"@id":"https:\/\/aw-delta.com\/de\/#primaryimage"},"thumbnailUrl":"https:\/\/aw-delta.com\/shop\/images\/product_images\/info_images\/IMG_6159.JPG","datePublished":"2017-03-13T15:37:00+00:00","dateModified":"2024-10-16T08:14:40+00:00","description":"AW-Delta ist Ihr Spezial-Betrieb mit mehr als 25 Jahren Erfahrung f\u00fcr Autoersatzteile und Motorentuning aller Fabrikate von Alfa Romeo bis Volkswagen in B\u00fcnde und online","breadcrumb":{"@id":"https:\/\/aw-delta.com\/de\/#breadcrumb"},"inLanguage":"de","potentialAction":[{"@type":"ReadAction","target":["https:\/\/aw-delta.com\/de\/"]}]},{"@type":"ImageObject","inLanguage":"de","@id":"https:\/\/aw-delta.com\/de\/#primaryimage","url":"https:\/\/aw-delta.com\/shop\/images\/product_images\/info_images\/IMG_6159.JPG","contentUrl":"https:\/\/aw-delta.com\/shop\/images\/product_images\/info_images\/IMG_6159.JPG"},{"@type":"BreadcrumbList","@id":"https:\/\/aw-delta.com\/de\/#breadcrumb","itemListElement":[{"@type":"ListItem","position":1,"name":"Startseite","item":"https:\/\/aw-delta.com\/de\/"},{"@type":"ListItem","position":2,"name":"Autoersatzteile und Motorentuning von Alfa Romeo bis VW"}]},{"@type":"WebSite","@id":"https:\/\/aw-delta.com\/de\/#website","url":"https:\/\/aw-delta.com\/de\/","name":"AW-Delta","description":"Autoersatzteile und Motorentuning von Alfa Romeo bis VW","potentialAction":[{"@type":"SearchAction","target":{"@type":"EntryPoint","urlTemplate":"https:\/\/aw-delta.com\/de\/?s={search_term_string}"},"query-input":{"@type":"PropertyValueSpecification","valueRequired":true,"valueName":"search_term_string"}}],"inLanguage":"de"}]}},"_links":{"self":[{"href":"https:\/\/aw-delta.com\/de\/wp-json\/wp\/v2\/pages\/17","targetHints":{"allow":["GET"]}}],"collection":[{"href":"https:\/\/aw-delta.com\/de\/wp-json\/wp\/v2\/pages"}],"about":[{"href":"https:\/\/aw-delta.com\/de\/wp-json\/wp\/v2\/types\/page"}],"author":[{"embeddable":true,"href":"https:\/\/aw-delta.com\/de\/wp-json\/wp\/v2\/users\/1"}],"replies":[{"embeddable":true,"href":"https:\/\/aw-delta.com\/de\/wp-json\/wp\/v2\/comments?post=17"}],"version-history":[{"count":14,"href":"https:\/\/aw-delta.com\/de\/wp-json\/wp\/v2\/pages\/17\/revisions"}],"predecessor-version":[{"id":631,"href":"https:\/\/aw-delta.com\/de\/wp-json\/wp\/v2\/pages\/17\/revisions\/631"}],"wp:attachment":[{"href":"https:\/\/aw-delta.com\/de\/wp-json\/wp\/v2\/media?parent=17"}],"curies":[{"name":"wp","href":"https:\/\/api.w.org\/{rel}","templated":true}]}}