{"id":40,"date":"2016-07-11T10:19:49","date_gmt":"2016-07-11T08:19:49","guid":{"rendered":"http:\/\/aw-delta.com\/content\/?page_id=40"},"modified":"2016-09-05T16:23:19","modified_gmt":"2016-09-05T14:23:19","slug":"ersatz-und-verschleissteile","status":"publish","type":"page","link":"https:\/\/aw-delta.com\/content\/produkte\/ersatz-und-verschleissteile","title":{"rendered":"Ersatz- und Verschlei\u00dfteile"},"content":{"rendered":"<h1><strong>Autoersatzteile und Verschlei\u00dfteile bei AW-Delta in B\u00fcnde<\/strong><\/h1>\n<p>Bei AW-Delta in B\u00fcnde f\u00fchren wir ein gro\u00dfes Sortiment an Autoersatzteilen und Verschlei\u00dfteilen aller Marken von Alfa Romeo bis Volkswagen. Diese k\u00f6nnen Sie schnell und unkompliziert \u00fcber unseren <a href=\"http:\/\/www.aw-delta.com\/shop\/\">Online-Shop<\/a> beziehen \u2013 oder sie kommen in unsere Kfz-Werkstatt in B\u00fcnde und lassen die neuen Teile dort direkt von unseren Experten einbauen und ausrichten. Besonders spezialisiert sind wir in unserer Werkstatt auf alle Alfa Romeo-Typen \u2013 aber auch mit anderen Modellen sind Sie in unserer Tuning-Werkstatt richtig. Dabei bieten wir Ihnen zus\u00e4tzlich zum Verkauf selbstverst\u00e4ndlich auch den fachgerechten Einbau aller Teile.<\/p>\n<p><strong>Ihr Fachhandel f\u00fcr Autoersatzteile in B\u00fcnde<\/strong><\/p>\n<p>Wir f\u00fchren zus\u00e4tzlich ein umfangreiches Sortiment an preiswerten Gebrauchtteilen, die wir sorgf\u00e4ltig ausgew\u00e4hlt und f\u00fcr einwandfrei befunden haben. Jedes dieser Teile ist voll funktionsf\u00e4hig und kann direkt von Ihnen montiert werden.<\/p>\n<p>Haben Sie Fragen oder ben\u00f6tigen Sie detaillierte Informationen zu unseren Autoersatzteilen und anderen Kfz-Teilen oder Leistungen? M\u00f6chten Sie direkt einen Termin vereinbaren oder sich zun\u00e4chst n\u00e4her \u00fcber unsere Leistungen informieren? Dann kontaktieren Sie uns einfach. Sie erreichen uns unter 05223 \/ 3212, per E-Mail oder \u00fcber das Kontaktformular.<\/p>\n","protected":false},"excerpt":{"rendered":"<p>Autoersatzteile und Verschlei\u00dfteile bei AW-Delta in B\u00fcnde Bei AW-Delta in B\u00fcnde f\u00fchren wir ein gro\u00dfes Sortiment an Autoersatzteilen und Verschlei\u00dfteilen aller Marken von Alfa Romeo bis Volkswagen. Diese k\u00f6nnen Sie schnell und unkompliziert \u00fcber unseren Online-Shop beziehen \u2013 oder sie kommen in unsere Kfz-Werkstatt in B\u00fcnde und lassen die neuen Teile dort direkt von unseren &hellip; <a href=\"https:\/\/aw-delta.com\/content\/produkte\/ersatz-und-verschleissteile\" class=\"more-link\"><span class=\"screen-reader-text\">\u201eErsatz- und Verschlei\u00dfteile\u201c <\/span>weiterlesen<\/a><\/p>\n","protected":false},"author":1,"featured_media":0,"parent":33,"menu_order":0,"comment_status":"closed","ping_status":"closed","template":"","meta":{"footnotes":""},"class_list":["post-40","page","type-page","status-publish","hentry"],"yoast_head":"<!-- This site is optimized with the Yoast SEO plugin v26.7 - https:\/\/yoast.com\/wordpress\/plugins\/seo\/ -->\n<title>Ersatz- und Verschlei\u00dfteile - AW-Delta<\/title>\n<meta name=\"description\" content=\"AW-Delta - Ihr Spezialist f\u00fcr Ersatz- und Verschlei\u00dfteile f\u00fcr alle Marken von Alfa Romeo bis Volkswagen in B\u00fcnde und online.\" \/>\n<meta name=\"robots\" content=\"index, follow, max-snippet:-1, max-image-preview:large, max-video-preview:-1\" \/>\n<link rel=\"canonical\" href=\"https:\/\/aw-delta.com\/content\/produkte\/ersatz-und-verschleissteile\" \/>\n<meta property=\"og:locale\" content=\"de_DE\" \/>\n<meta property=\"og:type\" content=\"article\" \/>\n<meta property=\"og:title\" content=\"Ersatz- und Verschlei\u00dfteile - AW-Delta\" \/>\n<meta property=\"og:description\" content=\"AW-Delta - Ihr Spezialist f\u00fcr Ersatz- und Verschlei\u00dfteile f\u00fcr alle Marken von Alfa Romeo bis Volkswagen in B\u00fcnde und online.\" \/>\n<meta property=\"og:url\" content=\"https:\/\/aw-delta.com\/content\/produkte\/ersatz-und-verschleissteile\" \/>\n<meta property=\"og:site_name\" content=\"AW-Delta\" \/>\n<meta property=\"article:modified_time\" content=\"2016-09-05T14:23:19+00:00\" \/>\n<meta name=\"twitter:card\" content=\"summary_large_image\" \/>\n<meta name=\"twitter:label1\" content=\"Gesch\u00e4tzte Lesezeit\" \/>\n\t<meta name=\"twitter:data1\" content=\"1\u00a0Minute\" \/>\n<script type=\"application\/ld+json\" class=\"yoast-schema-graph\">{\"@context\":\"https:\/\/schema.org\",\"@graph\":[{\"@type\":\"WebPage\",\"@id\":\"https:\/\/aw-delta.com\/content\/produkte\/ersatz-und-verschleissteile\",\"url\":\"https:\/\/aw-delta.com\/content\/produkte\/ersatz-und-verschleissteile\",\"name\":\"Ersatz- und Verschlei\u00dfteile - AW-Delta\",\"isPartOf\":{\"@id\":\"http:\/\/aw-delta.com\/content\/#website\"},\"datePublished\":\"2016-07-11T08:19:49+00:00\",\"dateModified\":\"2016-09-05T14:23:19+00:00\",\"description\":\"AW-Delta - Ihr Spezialist f\u00fcr Ersatz- und Verschlei\u00dfteile f\u00fcr alle Marken von Alfa Romeo bis Volkswagen in B\u00fcnde und online.\",\"breadcrumb\":{\"@id\":\"https:\/\/aw-delta.com\/content\/produkte\/ersatz-und-verschleissteile#breadcrumb\"},\"inLanguage\":\"de\",\"potentialAction\":[{\"@type\":\"ReadAction\",\"target\":[\"https:\/\/aw-delta.com\/content\/produkte\/ersatz-und-verschleissteile\"]}]},{\"@type\":\"BreadcrumbList\",\"@id\":\"https:\/\/aw-delta.com\/content\/produkte\/ersatz-und-verschleissteile#breadcrumb\",\"itemListElement\":[{\"@type\":\"ListItem\",\"position\":1,\"name\":\"Startseite\",\"item\":\"http:\/\/aw-delta.com\/content\/\"},{\"@type\":\"ListItem\",\"position\":2,\"name\":\"Produkte\",\"item\":\"https:\/\/aw-delta.com\/content\/produkte\"},{\"@type\":\"ListItem\",\"position\":3,\"name\":\"Ersatz- und Verschlei\u00dfteile\"}]},{\"@type\":\"WebSite\",\"@id\":\"http:\/\/aw-delta.com\/content\/#website\",\"url\":\"http:\/\/aw-delta.com\/content\/\",\"name\":\"AW-Delta\",\"description\":\"Autoersatzteile und Motortuning in 32257 B\u00fcnde\",\"potentialAction\":[{\"@type\":\"SearchAction\",\"target\":{\"@type\":\"EntryPoint\",\"urlTemplate\":\"http:\/\/aw-delta.com\/content\/?s={search_term_string}\"},\"query-input\":{\"@type\":\"PropertyValueSpecification\",\"valueRequired\":true,\"valueName\":\"search_term_string\"}}],\"inLanguage\":\"de\"}]}<\/script>\n<!-- \/ Yoast SEO plugin. -->","yoast_head_json":{"title":"Ersatz- und Verschlei\u00dfteile - AW-Delta","description":"AW-Delta - Ihr Spezialist f\u00fcr Ersatz- und Verschlei\u00dfteile f\u00fcr alle Marken von Alfa Romeo bis Volkswagen in B\u00fcnde und online.","robots":{"index":"index","follow":"follow","max-snippet":"max-snippet:-1","max-image-preview":"max-image-preview:large","max-video-preview":"max-video-preview:-1"},"canonical":"https:\/\/aw-delta.com\/content\/produkte\/ersatz-und-verschleissteile","og_locale":"de_DE","og_type":"article","og_title":"Ersatz- und Verschlei\u00dfteile - AW-Delta","og_description":"AW-Delta - Ihr Spezialist f\u00fcr Ersatz- und Verschlei\u00dfteile f\u00fcr alle Marken von Alfa Romeo bis Volkswagen in B\u00fcnde und online.","og_url":"https:\/\/aw-delta.com\/content\/produkte\/ersatz-und-verschleissteile","og_site_name":"AW-Delta","article_modified_time":"2016-09-05T14:23:19+00:00","twitter_card":"summary_large_image","twitter_misc":{"Gesch\u00e4tzte Lesezeit":"1\u00a0Minute"},"schema":{"@context":"https:\/\/schema.org","@graph":[{"@type":"WebPage","@id":"https:\/\/aw-delta.com\/content\/produkte\/ersatz-und-verschleissteile","url":"https:\/\/aw-delta.com\/content\/produkte\/ersatz-und-verschleissteile","name":"Ersatz- und Verschlei\u00dfteile - AW-Delta","isPartOf":{"@id":"http:\/\/aw-delta.com\/content\/#website"},"datePublished":"2016-07-11T08:19:49+00:00","dateModified":"2016-09-05T14:23:19+00:00","description":"AW-Delta - Ihr Spezialist f\u00fcr Ersatz- und Verschlei\u00dfteile f\u00fcr alle Marken von Alfa Romeo bis Volkswagen in B\u00fcnde und online.","breadcrumb":{"@id":"https:\/\/aw-delta.com\/content\/produkte\/ersatz-und-verschleissteile#breadcrumb"},"inLanguage":"de","potentialAction":[{"@type":"ReadAction","target":["https:\/\/aw-delta.com\/content\/produkte\/ersatz-und-verschleissteile"]}]},{"@type":"BreadcrumbList","@id":"https:\/\/aw-delta.com\/content\/produkte\/ersatz-und-verschleissteile#breadcrumb","itemListElement":[{"@type":"ListItem","position":1,"name":"Startseite","item":"http:\/\/aw-delta.com\/content\/"},{"@type":"ListItem","position":2,"name":"Produkte","item":"https:\/\/aw-delta.com\/content\/produkte"},{"@type":"ListItem","position":3,"name":"Ersatz- und Verschlei\u00dfteile"}]},{"@type":"WebSite","@id":"http:\/\/aw-delta.com\/content\/#website","url":"http:\/\/aw-delta.com\/content\/","name":"AW-Delta","description":"Autoersatzteile und Motortuning in 32257 B\u00fcnde","potentialAction":[{"@type":"SearchAction","target":{"@type":"EntryPoint","urlTemplate":"http:\/\/aw-delta.com\/content\/?s={search_term_string}"},"query-input":{"@type":"PropertyValueSpecification","valueRequired":true,"valueName":"search_term_string"}}],"inLanguage":"de"}]}},"_links":{"self":[{"href":"https:\/\/aw-delta.com\/content\/wp-json\/wp\/v2\/pages\/40","targetHints":{"allow":["GET"]}}],"collection":[{"href":"https:\/\/aw-delta.com\/content\/wp-json\/wp\/v2\/pages"}],"about":[{"href":"https:\/\/aw-delta.com\/content\/wp-json\/wp\/v2\/types\/page"}],"author":[{"embeddable":true,"href":"https:\/\/aw-delta.com\/content\/wp-json\/wp\/v2\/users\/1"}],"replies":[{"embeddable":true,"href":"https:\/\/aw-delta.com\/content\/wp-json\/wp\/v2\/comments?post=40"}],"version-history":[{"count":6,"href":"https:\/\/aw-delta.com\/content\/wp-json\/wp\/v2\/pages\/40\/revisions"}],"predecessor-version":[{"id":129,"href":"https:\/\/aw-delta.com\/content\/wp-json\/wp\/v2\/pages\/40\/revisions\/129"}],"up":[{"embeddable":true,"href":"https:\/\/aw-delta.com\/content\/wp-json\/wp\/v2\/pages\/33"}],"wp:attachment":[{"href":"https:\/\/aw-delta.com\/content\/wp-json\/wp\/v2\/media?parent=40"}],"curies":[{"name":"wp","href":"https:\/\/api.w.org\/{rel}","templated":true}]}}