{"id":18,"date":"2016-07-04T11:29:24","date_gmt":"2016-07-04T09:29:24","guid":{"rendered":"http:\/\/aw-delta.com\/content\/?page_id=18"},"modified":"2026-01-20T09:57:34","modified_gmt":"2026-01-20T08:57:34","slug":"firmenprofil","status":"publish","type":"page","link":"https:\/\/aw-delta.com\/content\/firmenprofil","title":{"rendered":"Firmenprofil"},"content":{"rendered":"<p>AW-Delta in B\u00fcnde bietet seit \u00fcber 35 Jahren Ersatzteile f\u00fcr Alfa Romeo Fahrzeuge, Austauschmotoren, Motorentuning sowie Werkstattleistungen. Heute hat sich AW-Delta aber nicht nur in der Alfa Romeo- Szene einen Namen gemacht, sondern bietet auch Sportauspuffanlagen, Z\u00fcnd- und Einspritzsysteme sowie Schmiedekolben &amp; Pleuel f\u00fcr Sport- und Rennfahrzeuge aller Fabrikate.<\/p>\n<h2><strong>Motorentuning<\/strong><\/h2>\n<p>Speziell im Bereich Motorentuning hat AW-Delta seine St\u00e4rken. Hier bietet Ihnen AW-Delta das komplette Spektrum der ben\u00f6tigten \u201eTuning-Teilen\u201c. Auf Wunsch werden die ben\u00f6tigten Tuning-Teile speziell und individuell nach Kundenwunsch angefertigt.<\/p>\n","protected":false},"excerpt":{"rendered":"<p>AW-Delta in B\u00fcnde bietet seit \u00fcber 35 Jahren Ersatzteile f\u00fcr Alfa Romeo Fahrzeuge, Austauschmotoren, Motorentuning sowie Werkstattleistungen. Heute hat sich AW-Delta aber nicht nur in der Alfa Romeo- Szene einen Namen gemacht, sondern bietet auch Sportauspuffanlagen, Z\u00fcnd- und Einspritzsysteme sowie Schmiedekolben &amp; Pleuel f\u00fcr Sport- und Rennfahrzeuge aller Fabrikate. Motorentuning Speziell im Bereich Motorentuning hat &hellip; <a href=\"https:\/\/aw-delta.com\/content\/firmenprofil\" class=\"more-link\"><span class=\"screen-reader-text\">\u201eFirmenprofil\u201c <\/span>weiterlesen<\/a><\/p>\n","protected":false},"author":1,"featured_media":0,"parent":0,"menu_order":0,"comment_status":"closed","ping_status":"closed","template":"","meta":{"footnotes":""},"class_list":["post-18","page","type-page","status-publish","hentry"],"yoast_head":"<!-- This site is optimized with the Yoast SEO plugin v26.7 - https:\/\/yoast.com\/wordpress\/plugins\/seo\/ -->\n<title>Firmenprofil - AW-Delta<\/title>\n<meta name=\"description\" content=\"Firmenprofil von AW-Delta Ihrem Spezial-Betrieb f\u00fcr Autoersatzteile und Motorentuning aller Fabrikate von Alfa Romeo bis VW in B\u00fcnde\" \/>\n<meta name=\"robots\" content=\"index, follow, max-snippet:-1, max-image-preview:large, max-video-preview:-1\" \/>\n<link rel=\"canonical\" href=\"https:\/\/aw-delta.com\/content\/firmenprofil\" \/>\n<meta property=\"og:locale\" content=\"de_DE\" \/>\n<meta property=\"og:type\" content=\"article\" \/>\n<meta property=\"og:title\" content=\"Firmenprofil - AW-Delta\" \/>\n<meta property=\"og:description\" content=\"Firmenprofil von AW-Delta Ihrem Spezial-Betrieb f\u00fcr Autoersatzteile und Motorentuning aller Fabrikate von Alfa Romeo bis VW in B\u00fcnde\" \/>\n<meta property=\"og:url\" content=\"https:\/\/aw-delta.com\/content\/firmenprofil\" \/>\n<meta property=\"og:site_name\" content=\"AW-Delta\" \/>\n<meta property=\"article:modified_time\" content=\"2026-01-20T08:57:34+00:00\" \/>\n<meta name=\"twitter:card\" content=\"summary_large_image\" \/>\n<meta name=\"twitter:label1\" content=\"Gesch\u00e4tzte Lesezeit\" \/>\n\t<meta name=\"twitter:data1\" content=\"1\u00a0Minute\" \/>\n<script type=\"application\/ld+json\" class=\"yoast-schema-graph\">{\"@context\":\"https:\/\/schema.org\",\"@graph\":[{\"@type\":\"WebPage\",\"@id\":\"https:\/\/aw-delta.com\/content\/firmenprofil\",\"url\":\"https:\/\/aw-delta.com\/content\/firmenprofil\",\"name\":\"Firmenprofil - AW-Delta\",\"isPartOf\":{\"@id\":\"http:\/\/aw-delta.com\/content\/#website\"},\"datePublished\":\"2016-07-04T09:29:24+00:00\",\"dateModified\":\"2026-01-20T08:57:34+00:00\",\"description\":\"Firmenprofil von AW-Delta Ihrem Spezial-Betrieb f\u00fcr Autoersatzteile und Motorentuning aller Fabrikate von Alfa Romeo bis VW in B\u00fcnde\",\"breadcrumb\":{\"@id\":\"https:\/\/aw-delta.com\/content\/firmenprofil#breadcrumb\"},\"inLanguage\":\"de\",\"potentialAction\":[{\"@type\":\"ReadAction\",\"target\":[\"https:\/\/aw-delta.com\/content\/firmenprofil\"]}]},{\"@type\":\"BreadcrumbList\",\"@id\":\"https:\/\/aw-delta.com\/content\/firmenprofil#breadcrumb\",\"itemListElement\":[{\"@type\":\"ListItem\",\"position\":1,\"name\":\"Startseite\",\"item\":\"http:\/\/aw-delta.com\/content\/\"},{\"@type\":\"ListItem\",\"position\":2,\"name\":\"Firmenprofil\"}]},{\"@type\":\"WebSite\",\"@id\":\"http:\/\/aw-delta.com\/content\/#website\",\"url\":\"http:\/\/aw-delta.com\/content\/\",\"name\":\"AW-Delta\",\"description\":\"Autoersatzteile und Motortuning in 32257 B\u00fcnde\",\"potentialAction\":[{\"@type\":\"SearchAction\",\"target\":{\"@type\":\"EntryPoint\",\"urlTemplate\":\"http:\/\/aw-delta.com\/content\/?s={search_term_string}\"},\"query-input\":{\"@type\":\"PropertyValueSpecification\",\"valueRequired\":true,\"valueName\":\"search_term_string\"}}],\"inLanguage\":\"de\"}]}<\/script>\n<!-- \/ Yoast SEO plugin. -->","yoast_head_json":{"title":"Firmenprofil - AW-Delta","description":"Firmenprofil von AW-Delta Ihrem Spezial-Betrieb f\u00fcr Autoersatzteile und Motorentuning aller Fabrikate von Alfa Romeo bis VW in B\u00fcnde","robots":{"index":"index","follow":"follow","max-snippet":"max-snippet:-1","max-image-preview":"max-image-preview:large","max-video-preview":"max-video-preview:-1"},"canonical":"https:\/\/aw-delta.com\/content\/firmenprofil","og_locale":"de_DE","og_type":"article","og_title":"Firmenprofil - AW-Delta","og_description":"Firmenprofil von AW-Delta Ihrem Spezial-Betrieb f\u00fcr Autoersatzteile und Motorentuning aller Fabrikate von Alfa Romeo bis VW in B\u00fcnde","og_url":"https:\/\/aw-delta.com\/content\/firmenprofil","og_site_name":"AW-Delta","article_modified_time":"2026-01-20T08:57:34+00:00","twitter_card":"summary_large_image","twitter_misc":{"Gesch\u00e4tzte Lesezeit":"1\u00a0Minute"},"schema":{"@context":"https:\/\/schema.org","@graph":[{"@type":"WebPage","@id":"https:\/\/aw-delta.com\/content\/firmenprofil","url":"https:\/\/aw-delta.com\/content\/firmenprofil","name":"Firmenprofil - AW-Delta","isPartOf":{"@id":"http:\/\/aw-delta.com\/content\/#website"},"datePublished":"2016-07-04T09:29:24+00:00","dateModified":"2026-01-20T08:57:34+00:00","description":"Firmenprofil von AW-Delta Ihrem Spezial-Betrieb f\u00fcr Autoersatzteile und Motorentuning aller Fabrikate von Alfa Romeo bis VW in B\u00fcnde","breadcrumb":{"@id":"https:\/\/aw-delta.com\/content\/firmenprofil#breadcrumb"},"inLanguage":"de","potentialAction":[{"@type":"ReadAction","target":["https:\/\/aw-delta.com\/content\/firmenprofil"]}]},{"@type":"BreadcrumbList","@id":"https:\/\/aw-delta.com\/content\/firmenprofil#breadcrumb","itemListElement":[{"@type":"ListItem","position":1,"name":"Startseite","item":"http:\/\/aw-delta.com\/content\/"},{"@type":"ListItem","position":2,"name":"Firmenprofil"}]},{"@type":"WebSite","@id":"http:\/\/aw-delta.com\/content\/#website","url":"http:\/\/aw-delta.com\/content\/","name":"AW-Delta","description":"Autoersatzteile und Motortuning in 32257 B\u00fcnde","potentialAction":[{"@type":"SearchAction","target":{"@type":"EntryPoint","urlTemplate":"http:\/\/aw-delta.com\/content\/?s={search_term_string}"},"query-input":{"@type":"PropertyValueSpecification","valueRequired":true,"valueName":"search_term_string"}}],"inLanguage":"de"}]}},"_links":{"self":[{"href":"https:\/\/aw-delta.com\/content\/wp-json\/wp\/v2\/pages\/18","targetHints":{"allow":["GET"]}}],"collection":[{"href":"https:\/\/aw-delta.com\/content\/wp-json\/wp\/v2\/pages"}],"about":[{"href":"https:\/\/aw-delta.com\/content\/wp-json\/wp\/v2\/types\/page"}],"author":[{"embeddable":true,"href":"https:\/\/aw-delta.com\/content\/wp-json\/wp\/v2\/users\/1"}],"replies":[{"embeddable":true,"href":"https:\/\/aw-delta.com\/content\/wp-json\/wp\/v2\/comments?post=18"}],"version-history":[{"count":4,"href":"https:\/\/aw-delta.com\/content\/wp-json\/wp\/v2\/pages\/18\/revisions"}],"predecessor-version":[{"id":369,"href":"https:\/\/aw-delta.com\/content\/wp-json\/wp\/v2\/pages\/18\/revisions\/369"}],"wp:attachment":[{"href":"https:\/\/aw-delta.com\/content\/wp-json\/wp\/v2\/media?parent=18"}],"curies":[{"name":"wp","href":"https:\/\/api.w.org\/{rel}","templated":true}]}}