{"id":339,"date":"2020-02-25T12:14:34","date_gmt":"2020-02-25T11:14:34","guid":{"rendered":"http:\/\/aw-delta.com\/content\/?page_id=339"},"modified":"2020-03-03T11:00:12","modified_gmt":"2020-03-03T10:00:12","slug":"tuningteile-exclusiv-von-aw-delta","status":"publish","type":"page","link":"http:\/\/aw-delta.com\/content\/","title":{"rendered":"Tuningteile exclusiv von AW-Delta"},"content":{"rendered":"\n<p>Tuningteile f\u00fcr Alfa Romeo exclusiv von AW-Delta erh\u00e4ltlich in unserem <a href=\"https:\/\/alfashop.aw-delta.com\">Alfashop<\/a>.<\/p>\n\n\n\n\n\n<figure class=\"wp-block-image size-large\"><a href=\"https:\/\/alfashop.aw-delta.com\/Ansaugbruecke-Alfa-155-Twin-Spark-fuer-NORD-105er-Motoren-Umbau-AB2-neu\"><img decoding=\"async\" src=\"https:\/\/aw-delta.com\/shop\/images\/product_images\/info_images\/IMG_6159.JPG\" alt=\"\"\/><\/a><figcaption><a href=\"https:\/\/alfashop.aw-delta.com\/Ansaugbruecke-Alfa-155-Twin-Spark-fuer-NORD-105er-Motoren-Umbau-AB2-neu\"><strong>Ansaugbr\u00fccke Alfa 155 Twin Spark \u2013 f\u00fcr NORD 105 Motoren Umbau<\/strong><\/a><br><br><\/figcaption><\/figure>\n\n\n\n<div class=\"wp-block-columns is-layout-flex wp-container-core-columns-is-layout-9d6595d7 wp-block-columns-is-layout-flex\">\n<div class=\"wp-block-column is-layout-flow wp-block-column-is-layout-flow\">\n<figure class=\"wp-block-image size-large\"><a href=\"https:\/\/alfashop.aw-delta.com\/Ventildeckel-fuer-Alfa-155-TS-Zylinderkopf-mit-105er-Optik-VD155\"><img decoding=\"async\" src=\"https:\/\/aw-delta.com\/shop\/images\/product_images\/info_images\/IMG_5275.JPG\" alt=\"\"\/><\/a><figcaption><a href=\"https:\/\/alfashop.aw-delta.com\/Ventildeckel-fuer-Alfa-155-TS-Zylinderkopf-mit-105er-Optik-VD155\">Alfa Romeo 155 Ventildeckel<\/a><\/figcaption><\/figure>\n<\/div>\n\n\n\n<div class=\"wp-block-column is-layout-flow wp-block-column-is-layout-flow\">\n<figure class=\"wp-block-image size-large\"><a href=\"https:\/\/alfashop.aw-delta.com\/Ventildeckel-Alfa-155-TS-Zylinderkopf-mit-105er-Optik-hochglanz-VD155HG-neu\"><img decoding=\"async\" src=\"https:\/\/aw-delta.com\/shop\/images\/product_images\/info_images\/IMG_6028.JPG\" alt=\"\"\/><\/a><figcaption>(auch <a href=\"https:\/\/alfashop.aw-delta.com\/Ventildeckel-Alfa-155-TS-Zylinderkopf-mit-105er-Optik-hochglanz-VD155HG-neu\">hochglanzverdichtet <\/a>erh\u00e4ltlich)<br><\/figcaption><\/figure>\n<\/div>\n<\/div>\n\n\n\n<p>Wir bieten \u00fcber unseren <a href=\"https:\/\/aw-delta.com\/shop\">AWShop<\/a> auch Ersatzteile wie Sportauspuffanlagen, Sportnockenwellen oder Bremsenteile f\u00fcr alle Automarken von unseren Partnern Ragazzon, Catcams, EBC und anderen an.<\/p>\n\n\n\n<p><\/p>\n","protected":false},"excerpt":{"rendered":"<p>Tuningteile f\u00fcr Alfa Romeo exclusiv von AW-Delta erh\u00e4ltlich in unserem Alfashop. Wir bieten \u00fcber unseren AWShop auch Ersatzteile wie Sportauspuffanlagen, Sportnockenwellen oder Bremsenteile f\u00fcr alle Automarken von unseren Partnern Ragazzon, Catcams, EBC und anderen an.<\/p>\n","protected":false},"author":1,"featured_media":0,"parent":0,"menu_order":0,"comment_status":"closed","ping_status":"closed","template":"","meta":{"footnotes":""},"class_list":["post-339","page","type-page","status-publish","hentry"],"yoast_head":"<!-- This site is optimized with the Yoast SEO plugin v26.7 - https:\/\/yoast.com\/wordpress\/plugins\/seo\/ -->\n<title>Tuningteile exclusiv von AW-Delta - AW-Delta<\/title>\n<meta name=\"description\" content=\"AW-Delta ist Ihr Spezial-Betrieb f\u00fcr Autoersatzteile und Motorentuning aller Fabrikate von Alfa Romeo bis Volkswagen in B\u00fcnde.\" \/>\n<meta name=\"robots\" content=\"index, follow, max-snippet:-1, max-image-preview:large, max-video-preview:-1\" \/>\n<link rel=\"canonical\" href=\"http:\/\/aw-delta.com\/content\/\" \/>\n<meta property=\"og:locale\" content=\"de_DE\" \/>\n<meta property=\"og:type\" content=\"article\" \/>\n<meta property=\"og:title\" content=\"Tuningteile exclusiv von AW-Delta - AW-Delta\" \/>\n<meta property=\"og:description\" content=\"AW-Delta ist Ihr Spezial-Betrieb f\u00fcr Autoersatzteile und Motorentuning aller Fabrikate von Alfa Romeo bis Volkswagen in B\u00fcnde.\" \/>\n<meta property=\"og:url\" content=\"http:\/\/aw-delta.com\/content\/\" \/>\n<meta property=\"og:site_name\" content=\"AW-Delta\" \/>\n<meta property=\"article:modified_time\" content=\"2020-03-03T10:00:12+00:00\" \/>\n<meta property=\"og:image\" content=\"https:\/\/aw-delta.com\/shop\/images\/product_images\/info_images\/IMG_6159.JPG\" \/>\n<meta name=\"twitter:card\" content=\"summary_large_image\" \/>\n<script type=\"application\/ld+json\" class=\"yoast-schema-graph\">{\"@context\":\"https:\/\/schema.org\",\"@graph\":[{\"@type\":\"WebPage\",\"@id\":\"http:\/\/aw-delta.com\/content\/\",\"url\":\"http:\/\/aw-delta.com\/content\/\",\"name\":\"Tuningteile exclusiv von AW-Delta - AW-Delta\",\"isPartOf\":{\"@id\":\"https:\/\/aw-delta.com\/content\/#website\"},\"primaryImageOfPage\":{\"@id\":\"http:\/\/aw-delta.com\/content\/#primaryimage\"},\"image\":{\"@id\":\"http:\/\/aw-delta.com\/content\/#primaryimage\"},\"thumbnailUrl\":\"https:\/\/aw-delta.com\/shop\/images\/product_images\/info_images\/IMG_6159.JPG\",\"datePublished\":\"2020-02-25T11:14:34+00:00\",\"dateModified\":\"2020-03-03T10:00:12+00:00\",\"description\":\"AW-Delta ist Ihr Spezial-Betrieb f\u00fcr Autoersatzteile und Motorentuning aller Fabrikate von Alfa Romeo bis Volkswagen in B\u00fcnde.\",\"breadcrumb\":{\"@id\":\"http:\/\/aw-delta.com\/content\/#breadcrumb\"},\"inLanguage\":\"de\",\"potentialAction\":[{\"@type\":\"ReadAction\",\"target\":[\"http:\/\/aw-delta.com\/content\/\"]}]},{\"@type\":\"ImageObject\",\"inLanguage\":\"de\",\"@id\":\"http:\/\/aw-delta.com\/content\/#primaryimage\",\"url\":\"https:\/\/aw-delta.com\/shop\/images\/product_images\/info_images\/IMG_6159.JPG\",\"contentUrl\":\"https:\/\/aw-delta.com\/shop\/images\/product_images\/info_images\/IMG_6159.JPG\"},{\"@type\":\"BreadcrumbList\",\"@id\":\"http:\/\/aw-delta.com\/content\/#breadcrumb\",\"itemListElement\":[{\"@type\":\"ListItem\",\"position\":1,\"name\":\"Startseite\",\"item\":\"http:\/\/aw-delta.com\/content\/\"},{\"@type\":\"ListItem\",\"position\":2,\"name\":\"Tuningteile exclusiv von AW-Delta\"}]},{\"@type\":\"WebSite\",\"@id\":\"https:\/\/aw-delta.com\/content\/#website\",\"url\":\"https:\/\/aw-delta.com\/content\/\",\"name\":\"AW-Delta\",\"description\":\"Autoersatzteile und Motortuning in 32257 B\u00fcnde\",\"potentialAction\":[{\"@type\":\"SearchAction\",\"target\":{\"@type\":\"EntryPoint\",\"urlTemplate\":\"https:\/\/aw-delta.com\/content\/?s={search_term_string}\"},\"query-input\":{\"@type\":\"PropertyValueSpecification\",\"valueRequired\":true,\"valueName\":\"search_term_string\"}}],\"inLanguage\":\"de\"}]}<\/script>\n<!-- \/ Yoast SEO plugin. -->","yoast_head_json":{"title":"Tuningteile exclusiv von AW-Delta - AW-Delta","description":"AW-Delta ist Ihr Spezial-Betrieb f\u00fcr Autoersatzteile und Motorentuning aller Fabrikate von Alfa Romeo bis Volkswagen in B\u00fcnde.","robots":{"index":"index","follow":"follow","max-snippet":"max-snippet:-1","max-image-preview":"max-image-preview:large","max-video-preview":"max-video-preview:-1"},"canonical":"http:\/\/aw-delta.com\/content\/","og_locale":"de_DE","og_type":"article","og_title":"Tuningteile exclusiv von AW-Delta - AW-Delta","og_description":"AW-Delta ist Ihr Spezial-Betrieb f\u00fcr Autoersatzteile und Motorentuning aller Fabrikate von Alfa Romeo bis Volkswagen in B\u00fcnde.","og_url":"http:\/\/aw-delta.com\/content\/","og_site_name":"AW-Delta","article_modified_time":"2020-03-03T10:00:12+00:00","og_image":[{"url":"https:\/\/aw-delta.com\/shop\/images\/product_images\/info_images\/IMG_6159.JPG","type":"","width":"","height":""}],"twitter_card":"summary_large_image","schema":{"@context":"https:\/\/schema.org","@graph":[{"@type":"WebPage","@id":"http:\/\/aw-delta.com\/content\/","url":"http:\/\/aw-delta.com\/content\/","name":"Tuningteile exclusiv von AW-Delta - AW-Delta","isPartOf":{"@id":"https:\/\/aw-delta.com\/content\/#website"},"primaryImageOfPage":{"@id":"http:\/\/aw-delta.com\/content\/#primaryimage"},"image":{"@id":"http:\/\/aw-delta.com\/content\/#primaryimage"},"thumbnailUrl":"https:\/\/aw-delta.com\/shop\/images\/product_images\/info_images\/IMG_6159.JPG","datePublished":"2020-02-25T11:14:34+00:00","dateModified":"2020-03-03T10:00:12+00:00","description":"AW-Delta ist Ihr Spezial-Betrieb f\u00fcr Autoersatzteile und Motorentuning aller Fabrikate von Alfa Romeo bis Volkswagen in B\u00fcnde.","breadcrumb":{"@id":"http:\/\/aw-delta.com\/content\/#breadcrumb"},"inLanguage":"de","potentialAction":[{"@type":"ReadAction","target":["http:\/\/aw-delta.com\/content\/"]}]},{"@type":"ImageObject","inLanguage":"de","@id":"http:\/\/aw-delta.com\/content\/#primaryimage","url":"https:\/\/aw-delta.com\/shop\/images\/product_images\/info_images\/IMG_6159.JPG","contentUrl":"https:\/\/aw-delta.com\/shop\/images\/product_images\/info_images\/IMG_6159.JPG"},{"@type":"BreadcrumbList","@id":"http:\/\/aw-delta.com\/content\/#breadcrumb","itemListElement":[{"@type":"ListItem","position":1,"name":"Startseite","item":"http:\/\/aw-delta.com\/content\/"},{"@type":"ListItem","position":2,"name":"Tuningteile exclusiv von AW-Delta"}]},{"@type":"WebSite","@id":"https:\/\/aw-delta.com\/content\/#website","url":"https:\/\/aw-delta.com\/content\/","name":"AW-Delta","description":"Autoersatzteile und Motortuning in 32257 B\u00fcnde","potentialAction":[{"@type":"SearchAction","target":{"@type":"EntryPoint","urlTemplate":"https:\/\/aw-delta.com\/content\/?s={search_term_string}"},"query-input":{"@type":"PropertyValueSpecification","valueRequired":true,"valueName":"search_term_string"}}],"inLanguage":"de"}]}},"_links":{"self":[{"href":"http:\/\/aw-delta.com\/content\/wp-json\/wp\/v2\/pages\/339","targetHints":{"allow":["GET"]}}],"collection":[{"href":"http:\/\/aw-delta.com\/content\/wp-json\/wp\/v2\/pages"}],"about":[{"href":"http:\/\/aw-delta.com\/content\/wp-json\/wp\/v2\/types\/page"}],"author":[{"embeddable":true,"href":"http:\/\/aw-delta.com\/content\/wp-json\/wp\/v2\/users\/1"}],"replies":[{"embeddable":true,"href":"http:\/\/aw-delta.com\/content\/wp-json\/wp\/v2\/comments?post=339"}],"version-history":[{"count":2,"href":"http:\/\/aw-delta.com\/content\/wp-json\/wp\/v2\/pages\/339\/revisions"}],"predecessor-version":[{"id":353,"href":"http:\/\/aw-delta.com\/content\/wp-json\/wp\/v2\/pages\/339\/revisions\/353"}],"wp:attachment":[{"href":"http:\/\/aw-delta.com\/content\/wp-json\/wp\/v2\/media?parent=339"}],"curies":[{"name":"wp","href":"https:\/\/api.w.org\/{rel}","templated":true}]}}