{"id":203,"date":"2017-02-21T10:25:39","date_gmt":"2017-02-21T09:25:39","guid":{"rendered":"http:\/\/aw-delta.com\/content\/?page_id=203"},"modified":"2017-02-21T11:17:55","modified_gmt":"2017-02-21T10:17:55","slug":"nockenwellen","status":"publish","type":"page","link":"http:\/\/aw-delta.com\/content\/produkte\/nockenwellen","title":{"rendered":"Nockenwellen"},"content":{"rendered":"<p>Bei AW-Delta in B\u00fcnde f\u00fchren wir ein gro\u00dfes Sortiment an Nockenwellen und Sportnockenwellen aller Marken von Alfa Romeo bis Volkswagen. Diese k\u00f6nnen Sie schnell und unkompliziert \u00fcber unseren Online-Shop beziehen. Besonders spezialisiert sind wir in unserer Werkstatt auf alle Alfa Romeo-Typen \u2013 aber auch mit anderen Modellen sind Sie in unserer Tuning-Werkstatt richtig. Dabei bieten wir Ihnen zus\u00e4tzlich zum Verkauf selbstverst\u00e4ndlich auch den fachgerechten Einbau aller Teile.<\/p>\n<p>Haben Sie Fragen oder ben\u00f6tigen Sie detaillierte Informationen zu unseren Autoersatzteilen und anderen Kfz-Teilen oder Leistungen? M\u00f6chten Sie direkt einen Termin vereinbaren oder sich zun\u00e4chst n\u00e4her \u00fcber unsere Leistungen informieren? Dann kontaktieren Sie uns einfach. Sie erreichen uns unter 05223 \/ 3212, per E-Mail oder \u00fcber das Kontaktformular.<\/p>\n","protected":false},"excerpt":{"rendered":"<p>Bei AW-Delta in B\u00fcnde f\u00fchren wir ein gro\u00dfes Sortiment an Nockenwellen und Sportnockenwellen aller Marken von Alfa Romeo bis Volkswagen. Diese k\u00f6nnen Sie schnell und unkompliziert \u00fcber unseren Online-Shop beziehen. Besonders spezialisiert sind wir in unserer Werkstatt auf alle Alfa Romeo-Typen \u2013 aber auch mit anderen Modellen sind Sie in unserer Tuning-Werkstatt richtig. Dabei bieten &hellip; <a href=\"http:\/\/aw-delta.com\/content\/produkte\/nockenwellen\" class=\"more-link\"><span class=\"screen-reader-text\">\u201eNockenwellen\u201c <\/span>weiterlesen<\/a><\/p>\n","protected":false},"author":1,"featured_media":0,"parent":33,"menu_order":0,"comment_status":"closed","ping_status":"closed","template":"","meta":{"footnotes":""},"class_list":["post-203","page","type-page","status-publish","hentry"],"yoast_head":"<!-- This site is optimized with the Yoast SEO plugin v26.7 - https:\/\/yoast.com\/wordpress\/plugins\/seo\/ -->\n<title>Nockenwellen - AW-Delta<\/title>\n<meta name=\"description\" content=\"AW-Delta ist Ihr Spezial-Betrieb f\u00fcr Autoersatzteile und Motorentuning aller Fabrikate von Alfa Romeo bis Volkswagen in B\u00fcnde.\" \/>\n<meta name=\"robots\" content=\"index, follow, max-snippet:-1, max-image-preview:large, max-video-preview:-1\" \/>\n<link rel=\"canonical\" href=\"http:\/\/aw-delta.com\/content\/produkte\/nockenwellen\" \/>\n<meta property=\"og:locale\" content=\"de_DE\" \/>\n<meta property=\"og:type\" content=\"article\" \/>\n<meta property=\"og:title\" content=\"Nockenwellen - AW-Delta\" \/>\n<meta property=\"og:description\" content=\"AW-Delta ist Ihr Spezial-Betrieb f\u00fcr Autoersatzteile und Motorentuning aller Fabrikate von Alfa Romeo bis Volkswagen in B\u00fcnde.\" \/>\n<meta property=\"og:url\" content=\"http:\/\/aw-delta.com\/content\/produkte\/nockenwellen\" \/>\n<meta property=\"og:site_name\" content=\"AW-Delta\" \/>\n<meta property=\"article:modified_time\" content=\"2017-02-21T10:17:55+00:00\" \/>\n<meta name=\"twitter:card\" content=\"summary_large_image\" \/>\n<meta name=\"twitter:label1\" content=\"Gesch\u00e4tzte Lesezeit\" \/>\n\t<meta name=\"twitter:data1\" content=\"1\u00a0Minute\" \/>\n<script type=\"application\/ld+json\" class=\"yoast-schema-graph\">{\"@context\":\"https:\/\/schema.org\",\"@graph\":[{\"@type\":\"WebPage\",\"@id\":\"http:\/\/aw-delta.com\/content\/produkte\/nockenwellen\",\"url\":\"http:\/\/aw-delta.com\/content\/produkte\/nockenwellen\",\"name\":\"Nockenwellen - AW-Delta\",\"isPartOf\":{\"@id\":\"https:\/\/aw-delta.com\/content\/#website\"},\"datePublished\":\"2017-02-21T09:25:39+00:00\",\"dateModified\":\"2017-02-21T10:17:55+00:00\",\"description\":\"AW-Delta ist Ihr Spezial-Betrieb f\u00fcr Autoersatzteile und Motorentuning aller Fabrikate von Alfa Romeo bis Volkswagen in B\u00fcnde.\",\"breadcrumb\":{\"@id\":\"http:\/\/aw-delta.com\/content\/produkte\/nockenwellen#breadcrumb\"},\"inLanguage\":\"de\",\"potentialAction\":[{\"@type\":\"ReadAction\",\"target\":[\"http:\/\/aw-delta.com\/content\/produkte\/nockenwellen\"]}]},{\"@type\":\"BreadcrumbList\",\"@id\":\"http:\/\/aw-delta.com\/content\/produkte\/nockenwellen#breadcrumb\",\"itemListElement\":[{\"@type\":\"ListItem\",\"position\":1,\"name\":\"Startseite\",\"item\":\"http:\/\/aw-delta.com\/content\/\"},{\"@type\":\"ListItem\",\"position\":2,\"name\":\"Produkte\",\"item\":\"http:\/\/aw-delta.com\/content\/produkte\"},{\"@type\":\"ListItem\",\"position\":3,\"name\":\"Nockenwellen\"}]},{\"@type\":\"WebSite\",\"@id\":\"https:\/\/aw-delta.com\/content\/#website\",\"url\":\"https:\/\/aw-delta.com\/content\/\",\"name\":\"AW-Delta\",\"description\":\"Autoersatzteile und Motortuning in 32257 B\u00fcnde\",\"potentialAction\":[{\"@type\":\"SearchAction\",\"target\":{\"@type\":\"EntryPoint\",\"urlTemplate\":\"https:\/\/aw-delta.com\/content\/?s={search_term_string}\"},\"query-input\":{\"@type\":\"PropertyValueSpecification\",\"valueRequired\":true,\"valueName\":\"search_term_string\"}}],\"inLanguage\":\"de\"}]}<\/script>\n<!-- \/ Yoast SEO plugin. -->","yoast_head_json":{"title":"Nockenwellen - AW-Delta","description":"AW-Delta ist Ihr Spezial-Betrieb f\u00fcr Autoersatzteile und Motorentuning aller Fabrikate von Alfa Romeo bis Volkswagen in B\u00fcnde.","robots":{"index":"index","follow":"follow","max-snippet":"max-snippet:-1","max-image-preview":"max-image-preview:large","max-video-preview":"max-video-preview:-1"},"canonical":"http:\/\/aw-delta.com\/content\/produkte\/nockenwellen","og_locale":"de_DE","og_type":"article","og_title":"Nockenwellen - AW-Delta","og_description":"AW-Delta ist Ihr Spezial-Betrieb f\u00fcr Autoersatzteile und Motorentuning aller Fabrikate von Alfa Romeo bis Volkswagen in B\u00fcnde.","og_url":"http:\/\/aw-delta.com\/content\/produkte\/nockenwellen","og_site_name":"AW-Delta","article_modified_time":"2017-02-21T10:17:55+00:00","twitter_card":"summary_large_image","twitter_misc":{"Gesch\u00e4tzte Lesezeit":"1\u00a0Minute"},"schema":{"@context":"https:\/\/schema.org","@graph":[{"@type":"WebPage","@id":"http:\/\/aw-delta.com\/content\/produkte\/nockenwellen","url":"http:\/\/aw-delta.com\/content\/produkte\/nockenwellen","name":"Nockenwellen - AW-Delta","isPartOf":{"@id":"https:\/\/aw-delta.com\/content\/#website"},"datePublished":"2017-02-21T09:25:39+00:00","dateModified":"2017-02-21T10:17:55+00:00","description":"AW-Delta ist Ihr Spezial-Betrieb f\u00fcr Autoersatzteile und Motorentuning aller Fabrikate von Alfa Romeo bis Volkswagen in B\u00fcnde.","breadcrumb":{"@id":"http:\/\/aw-delta.com\/content\/produkte\/nockenwellen#breadcrumb"},"inLanguage":"de","potentialAction":[{"@type":"ReadAction","target":["http:\/\/aw-delta.com\/content\/produkte\/nockenwellen"]}]},{"@type":"BreadcrumbList","@id":"http:\/\/aw-delta.com\/content\/produkte\/nockenwellen#breadcrumb","itemListElement":[{"@type":"ListItem","position":1,"name":"Startseite","item":"http:\/\/aw-delta.com\/content\/"},{"@type":"ListItem","position":2,"name":"Produkte","item":"http:\/\/aw-delta.com\/content\/produkte"},{"@type":"ListItem","position":3,"name":"Nockenwellen"}]},{"@type":"WebSite","@id":"https:\/\/aw-delta.com\/content\/#website","url":"https:\/\/aw-delta.com\/content\/","name":"AW-Delta","description":"Autoersatzteile und Motortuning in 32257 B\u00fcnde","potentialAction":[{"@type":"SearchAction","target":{"@type":"EntryPoint","urlTemplate":"https:\/\/aw-delta.com\/content\/?s={search_term_string}"},"query-input":{"@type":"PropertyValueSpecification","valueRequired":true,"valueName":"search_term_string"}}],"inLanguage":"de"}]}},"_links":{"self":[{"href":"http:\/\/aw-delta.com\/content\/wp-json\/wp\/v2\/pages\/203","targetHints":{"allow":["GET"]}}],"collection":[{"href":"http:\/\/aw-delta.com\/content\/wp-json\/wp\/v2\/pages"}],"about":[{"href":"http:\/\/aw-delta.com\/content\/wp-json\/wp\/v2\/types\/page"}],"author":[{"embeddable":true,"href":"http:\/\/aw-delta.com\/content\/wp-json\/wp\/v2\/users\/1"}],"replies":[{"embeddable":true,"href":"http:\/\/aw-delta.com\/content\/wp-json\/wp\/v2\/comments?post=203"}],"version-history":[{"count":3,"href":"http:\/\/aw-delta.com\/content\/wp-json\/wp\/v2\/pages\/203\/revisions"}],"predecessor-version":[{"id":211,"href":"http:\/\/aw-delta.com\/content\/wp-json\/wp\/v2\/pages\/203\/revisions\/211"}],"up":[{"embeddable":true,"href":"http:\/\/aw-delta.com\/content\/wp-json\/wp\/v2\/pages\/33"}],"wp:attachment":[{"href":"http:\/\/aw-delta.com\/content\/wp-json\/wp\/v2\/media?parent=203"}],"curies":[{"name":"wp","href":"https:\/\/api.w.org\/{rel}","templated":true}]}}